{"id":71,"date":"2019-04-15T02:28:35","date_gmt":"2019-04-15T02:28:35","guid":{"rendered":"http:\/\/amandagutierres.com\/?page_id=71"},"modified":"2020-02-24T20:47:56","modified_gmt":"2020-02-24T20:47:56","slug":"self-esteem-treatment","status":"publish","type":"page","link":"https:\/\/amandagutierres.com\/pt\/self-esteem-treatment\/","title":{"rendered":"0.02 &#8211; Services &#8211; Self-Esteem Treatment"},"content":{"rendered":"<div class=\"wpb-content-wrapper\"><div class=\"vc_row-full-width-before\"><\/div><div id=\"vc_row-69e78305616c9\" data-vc-full-width=\"true\" data-vc-full-width-init=\"false\" class=\"vc_row wpb_row vc_row-fluid vc_custom_1539479599950 vc_row-has-fill vc_column-gap-35 vc_row-o-equal-height vc_row-o-content-middle vc_row-flex\"><script type=\"text\/javascript\">if (typeof(gem_fix_fullwidth_position) == \"function\") { gem_fix_fullwidth_position(document.getElementById(\"vc_row-69e78305616c9\")); }<\/script><div class=\"wpb_column vc_column_container vc_col-sm-6\"><div class=\"vc_column-inner\"><div class=\"wpb_wrapper\">\n\t<div class=\"wpb_text_column wpb_content_element\" id=\"intro-amanda-2\">\n\t\t<div class=\"wpb_wrapper\">\n\t\t\t<p><span style=\"color: #d78985;\"><b>Encontre sua for\u00e7a interior<\/b><\/span><\/p>\n<h2>Se conhe\u00e7a mais e descubra o qu\u00e3o bom \u00e9 saber quem voc\u00ea \u00e9 de verdade.<\/h2>\n\n\t\t<\/div>\n\t<\/div>\n<\/div><\/div><\/div><div class=\"wpb_column vc_column_container vc_col-sm-6 vc_col-has-fill\"><div class=\"vc_column-inner vc_custom_1552011701608\"><div class=\"wpb_wrapper\">\n\t<div class=\"wpb_text_column wpb_content_element\" >\n\t\t<div class=\"wpb_wrapper\">\n\t\t\t<p>Voc\u00ea sente que sua vida vai para cima e para  baixo, como uma montanha russa, ou \u00e0s vezes sente que est\u00e1 no topo e \u00e0s vezes l\u00e1 embaixo? Ou voc\u00ea sente que est\u00e1 muito tempo no fundo mas algo dentro de voc\u00ea diz que voc\u00ea consegue ir l\u00e1 para o alto mas n\u00e3o sabe como? J\u00e1 imaginou como algumas pessoas conseguem manejar e conseguir escalar cada vez mais alto?<\/p>\n<p><strong>A diferen\u00e7a entre essas pessoas est\u00e1 em que as que est\u00e3o escalando s\u00e3o conscientes de quem elas s\u00e3o e do potencial que elas possuem. Elas acreditam nelas mesmas sem a necessidade de uma aprova\u00e7\u00e3o externa.<\/strong><\/p>\n\n\t\t<\/div>\n\t<\/div>\n<\/div><\/div><\/div><\/div><div class=\"vc_row-full-width vc_clearfix\"><\/div><div id=\"vc_row-69e7830561a4d\" class=\"vc_row wpb_row vc_row-fluid vc_custom_1552015560584 vc_column-gap-25 vc_row-o-equal-height vc_row-flex\"><div class=\"wpb_column vc_column_container vc_col-sm-4 vc_col-has-fill\"><div class=\"vc_column-inner vc_custom_1552013521065\"><div class=\"wpb_wrapper\"><div class=\"centered-box\"><div class=\"gem-icon gem-icon-pack-fontawesome gem-icon-size-medium  gem-icon-shape-square gem-simple-icon\" style=\"margin-top: 50px;margin-bottom: 35px;opacity: 1;\"><div class=\"gem-icon-inner\" style=\"\"><span class=\"gem-icon-half-1\" style=\"color: #2c3d51;\"><span class=\"back-angle\">&#xf004;<\/span><\/span><span class=\"gem-icon-half-2\" style=\"color: #2c3d51;\"><span class=\"back-angle\">&#xf004;<\/span><\/span><\/div><\/div><\/div>\n\t<div class=\"wpb_text_column wpb_content_element\" >\n\t\t<div class=\"wpb_wrapper\">\n\t\t\t<p style=\"font-family: 'Yeseva One', sans-serif; color: #2c3d51; font-size: 21px; line-height: 25px; letter-spacing: 0px; text-align: center;\">Para o alto e avante!<\/p>\n<p style=\"text-align: center;\">Junto mergulharemos no seu eu e traremos o seu potencial para a superf\u00edcie.<\/p>\n\n\t\t<\/div>\n\t<\/div>\n<\/div><\/div><\/div><div class=\"wpb_column vc_column_container vc_col-sm-4 vc_col-has-fill\"><div class=\"vc_column-inner vc_custom_1552013530434\"><div class=\"wpb_wrapper\"><div class=\"centered-box\"><div class=\"gem-icon gem-icon-pack-fontawesome gem-icon-size-medium  gem-icon-shape-square gem-simple-icon\" style=\"margin-top: 50px;margin-bottom: 35px;opacity: 1;\"><div class=\"gem-icon-inner\" style=\"\"><span class=\"gem-icon-half-1\" style=\"color: #2c3d51;\"><span class=\"back-angle\">&#xf005;<\/span><\/span><span class=\"gem-icon-half-2\" style=\"color: #2c3d51;\"><span class=\"back-angle\">&#xf005;<\/span><\/span><\/div><\/div><\/div>\n\t<div class=\"wpb_text_column wpb_content_element\" >\n\t\t<div class=\"wpb_wrapper\">\n\t\t\t<p style=\"font-family: 'Yeseva One', sans-serif; color: #2c3d51; font-size: 21px; line-height: 25px; letter-spacing: 0px; text-align: center;\">Identifique a causa:<\/p>\n<p style=\"text-align: center;\">Identificar a causa do problema pode ser desafiador. Muitas vezes sentimos que n\u00e3o temos algo espec\u00edfico que nos causa um problema ou que \u00e9 imposs\u00edvel identificar a raz\u00e3o de estarmos em determinada situa\u00e7\u00e3o. Em outras ocasi\u00f5es, percebemos que o problema vai mais fundo do que pensamos. Vamos explorar juntos e identificar a raiz dos seus problemas. Identificar e aceitar, \u00e9 a chave da nossa jornada.<\/p>\n\n\t\t<\/div>\n\t<\/div>\n<\/div><\/div><\/div><div class=\"wpb_column vc_column_container vc_col-sm-4 vc_col-has-fill\"><div class=\"vc_column-inner vc_custom_1552013537938\"><div class=\"wpb_wrapper\"><div class=\"centered-box\"><div class=\"gem-icon gem-icon-pack-fontawesome gem-icon-size-medium  gem-icon-shape-square gem-simple-icon\" style=\"margin-top: 50px;margin-bottom: 35px;opacity: 1;\"><div class=\"gem-icon-inner\" style=\"\"><span class=\"gem-icon-half-1\" style=\"color: #2c3d51;\"><span class=\"back-angle\">&#xf024;<\/span><\/span><span class=\"gem-icon-half-2\" style=\"color: #2c3d51;\"><span class=\"back-angle\">&#xf024;<\/span><\/span><\/div><\/div><\/div>\n\t<div class=\"wpb_text_column wpb_content_element\" >\n\t\t<div class=\"wpb_wrapper\">\n\t\t\t<p style=\"font-family: 'Yeseva One', sans-serif; color: #2c3d51; font-size: 21px; line-height: 25px; letter-spacing: 0px; text-align: center;\">Um ambiente seguro:<\/p>\n<p style=\"text-align: center;\">Um ambiente seguro \u00e9 um lugar onde voc\u00ea sabe que ir\u00e1 ser ouvido e n\u00e3o ser\u00e1 julgado. Onde voc\u00ea possui a liberdade para falar e se expressar de forma autentica, sem medo ou receio de ser julgado.<\/p>\n\n\t\t<\/div>\n\t<\/div>\n<\/div><\/div><\/div><\/div><div class=\"vc_row-full-width-before\"><\/div><div id=\"vc_row-69e7830561cfc\" data-vc-full-width=\"true\" data-vc-full-width-init=\"false\" class=\"vc_row wpb_row vc_row-fluid vc_custom_1556472388632 vc_row-has-fill vc_column-gap-35 vc_row-o-equal-height vc_row-flex\"><script type=\"text\/javascript\">if (typeof(gem_fix_fullwidth_position) == \"function\") { gem_fix_fullwidth_position(document.getElementById(\"vc_row-69e7830561cfc\")); }<\/script><div class=\"wpb_column vc_column_container vc_col-sm-6\"><div class=\"vc_column-inner\"><div class=\"wpb_wrapper\">\n\t<div class=\"wpb_text_column wpb_content_element vc_custom_1554573558767\" >\n\t\t<div class=\"wpb_wrapper\">\n\t\t\t<h2><span style=\"color: #ffffff; font-size: 37px; line-height: 35px !important;\">Se apaixone por voc\u00ea mesmo novamente.<\/span><\/h2>\n<p><span style=\"color: #ffffff;\">O primeiro passo para superar a baixa auto-estima \u00e9 ganhar consci\u00eancia de quem voc\u00ea realmente \u00e9 e se reconectar com essa pessoa. N\u00f3s somos seres cheios de potencial e \u00e9 conhecido que usamos menos de 10% do que a nossa capacidade. <\/span><br \/>\n<span style=\"color: #ffffff;\"><br \/>\nJuntos mergulharemos e traremos \u00e0 tona o seu verdadeiro potencial para sua vida. <\/span><\/p>\n\n\t\t<\/div>\n\t<\/div>\n<\/div><\/div><\/div><div class=\"wpb_column vc_column_container vc_col-sm-6\"><div class=\"vc_column-inner\"><div class=\"wpb_wrapper\"><\/div><\/div><\/div><\/div><div class=\"vc_row-full-width vc_clearfix\"><\/div><div id=\"vc_row-69e7830561e1c\" class=\"vc_row wpb_row vc_row-fluid vc_custom_1553483593338\"><div class=\"wpb_column vc_column_container vc_col-sm-12\"><div class=\"vc_column-inner\"><div class=\"wpb_wrapper\"><div id=\"fullwidth-block-69e7830561eda\" class=\"fullwidth-block clearfix\"  style=\"background-color: #2fc5b0;\"><script type=\"text\/javascript\">if (typeof(gem_fix_fullwidth_position) == \"function\") { gem_fix_fullwidth_position(document.getElementById(\"fullwidth-block-69e7830561eda\")); }<\/script><div class=\"fullwidth-block-inner\"><div class=\"container\"><div class=\"vc_row wpb_row vc_inner vc_row-fluid\"><div class=\"wpb_column vc_column_container vc_col-sm-12 vc_col-lg-4 vc_col-md-5\"><div class=\"vc_column-inner\"><div class=\"wpb_wrapper\"><div class=\"clearboth\"><\/div><div class=\"gem-divider\" style=\"margin-top: 80px;\"><\/div>\n\t<div class=\"wpb_text_column wpb_content_element\" >\n\t\t<div class=\"wpb_wrapper\">\n\t\t\t<div class=\"title-h1\" style=\"text-align: center;\"><span style=\"color: #ffffff;\">Vamos marcar uma sess\u00e3o?<\/span><\/div>\n\n\t\t<\/div>\n\t<\/div>\n<\/div><\/div><\/div><div class=\"wpb_column vc_column_container vc_col-sm-12 vc_col-lg-4 vc_col-md-3\"><div class=\"vc_column-inner\"><div class=\"wpb_wrapper\"><div class=\"clearboth\"><\/div><div class=\"gem-divider\" style=\"margin-top: 90px;\"><\/div>\n\t<div class=\"wpb_text_column wpb_content_element\" >\n\t\t<div class=\"wpb_wrapper\">\n\t\t\t<p style=\"text-align: center;\"><span style=\"color: #ffffff; font-size: 22px;\">Ser\u00e1 um prazer te receber em meu escrit\u00f3rio!<\/span><\/p>\n\n\t\t<\/div>\n\t<\/div>\n<\/div><\/div><\/div><div class=\"wpb_column vc_column_container vc_col-sm-12 vc_col-lg-4 vc_col-md-4\"><div class=\"vc_column-inner\"><div class=\"wpb_wrapper\"><div class=\"clearboth\"><\/div><div class=\"gem-divider\" style=\"margin-top: 60px;\"><\/div><div class=\"gem-button-container gem-button-position-center\"><a class=\"gem-button gem-button-size-medium gem-button-style-outline gem-button-text-weight-normal gem-button-border-3\" style=\"border-radius: 3px;border-color: #ffffff;color: #ffffff;\" onmouseleave=\"this.style.borderColor='#ffffff';this.style.backgroundColor='transparent';this.style.color='#ffffff';\" onmouseenter=\"this.style.backgroundColor='#ffffff';this.style.color='#2fc5b0';\" href=\"https:\/\/amandaromanog.typeform.com\/to\/lliXKx\" target=\"_self\">Tenho interesse!<\/a><\/div> <div class=\"clearboth\"><\/div><div class=\"gem-divider\" style=\"margin-top: 60px;\"><\/div><\/div><\/div><\/div><\/div><\/div><\/div><\/div><\/div><\/div><\/div><\/div>\n<\/div>","protected":false},"excerpt":{"rendered":"","protected":false},"author":1,"featured_media":0,"parent":0,"menu_order":0,"comment_status":"closed","ping_status":"closed","template":"","meta":{"footnotes":""},"class_list":["post-71","page","type-page","status-publish"],"aioseo_notices":[],"_links":{"self":[{"href":"https:\/\/amandagutierres.com\/pt\/wp-json\/wp\/v2\/pages\/71","targetHints":{"allow":["GET"]}}],"collection":[{"href":"https:\/\/amandagutierres.com\/pt\/wp-json\/wp\/v2\/pages"}],"about":[{"href":"https:\/\/amandagutierres.com\/pt\/wp-json\/wp\/v2\/types\/page"}],"author":[{"embeddable":true,"href":"https:\/\/amandagutierres.com\/pt\/wp-json\/wp\/v2\/users\/1"}],"replies":[{"embeddable":true,"href":"https:\/\/amandagutierres.com\/pt\/wp-json\/wp\/v2\/comments?post=71"}],"version-history":[{"count":3,"href":"https:\/\/amandagutierres.com\/pt\/wp-json\/wp\/v2\/pages\/71\/revisions"}],"predecessor-version":[{"id":223,"href":"https:\/\/amandagutierres.com\/pt\/wp-json\/wp\/v2\/pages\/71\/revisions\/223"}],"wp:attachment":[{"href":"https:\/\/amandagutierres.com\/pt\/wp-json\/wp\/v2\/media?parent=71"}],"curies":[{"name":"wp","href":"https:\/\/api.w.org\/{rel}","templated":true}]}}