{"id":59,"date":"2019-04-15T02:19:38","date_gmt":"2019-04-15T02:19:38","guid":{"rendered":"http:\/\/amandagutierres.com\/?page_id=59"},"modified":"2020-02-24T20:36:53","modified_gmt":"2020-02-24T20:36:53","slug":"depression-treatment","status":"publish","type":"page","link":"https:\/\/amandagutierres.com\/pt\/depression-treatment\/","title":{"rendered":"0.02 &#8211; Services -Depression Treatment"},"content":{"rendered":"<div class=\"wpb-content-wrapper\"><div class=\"vc_row-full-width-before\"><\/div><div id=\"vc_row-69e7831130005\" data-vc-full-width=\"true\" data-vc-full-width-init=\"false\" class=\"vc_row wpb_row vc_row-fluid vc_custom_1539479599950 vc_row-has-fill vc_column-gap-35 vc_row-o-equal-height vc_row-o-content-middle vc_row-flex\"><script type=\"text\/javascript\">if (typeof(gem_fix_fullwidth_position) == \"function\") { gem_fix_fullwidth_position(document.getElementById(\"vc_row-69e7831130005\")); }<\/script><div class=\"wpb_column vc_column_container vc_col-sm-6\"><div class=\"vc_column-inner\"><div class=\"wpb_wrapper\">\n\t<div class=\"wpb_text_column wpb_content_element\" id=\"intro-amanda-2\">\n\t\t<div class=\"wpb_wrapper\">\n\t\t\t<p><span style=\"color: #d78985;\"><b>Um impacto positivo baseado na confian\u00e7a e conhecimento<\/b><\/span><\/p>\n<h2>A terapia pode te ajudar a administrar as causas e efeitos da depress\u00e3o.<\/h2>\n\n\t\t<\/div>\n\t<\/div>\n<\/div><\/div><\/div><div class=\"wpb_column vc_column_container vc_col-sm-6 vc_col-has-fill\"><div class=\"vc_column-inner vc_custom_1552011701608\"><div class=\"wpb_wrapper\">\n\t<div class=\"wpb_text_column wpb_content_element\" >\n\t\t<div class=\"wpb_wrapper\">\n\t\t\t<p>Enquanto existe poss\u00edveis causas para a depress\u00e3o, seus efeitos e condi\u00e7\u00f5es podem ser t\u00e3o sutis que at\u00e9 mesmo uma pessoa que \u00e9 afetada por ela sente que n\u00e3o h\u00e1 uma raz\u00e3o \u00f3bvia e pode ser muito dif\u00edcil encontrar palavras para descrever seus sentimentos.<\/p>\n<p><strong>Enquanto existe poss\u00edveis causas para a depress\u00e3o, seus efeitos e condi\u00e7\u00f5es podem ser t\u00e3o sutis que at\u00e9 mesmo uma pessoa que \u00e9 afetada por ela sente que n\u00e3o h\u00e1 uma raz\u00e3o \u00f3bvia e pode ser muito dif\u00edcil encontrar palavras para descrever seus sentimentos.<\/strong><\/p>\n\n\t\t<\/div>\n\t<\/div>\n<\/div><\/div><\/div><\/div><div class=\"vc_row-full-width vc_clearfix\"><\/div><div id=\"vc_row-69e7831130483\" class=\"vc_row wpb_row vc_row-fluid vc_custom_1552015560584 vc_column-gap-25 vc_row-o-equal-height vc_row-flex\"><div class=\"wpb_column vc_column_container vc_col-sm-4 vc_col-has-fill\"><div class=\"vc_column-inner vc_custom_1552013521065\"><div class=\"wpb_wrapper\"><div class=\"centered-box\"><div class=\"gem-icon gem-icon-pack-fontawesome gem-icon-size-medium  gem-icon-shape-square gem-simple-icon\" style=\"margin-top: 50px;margin-bottom: 35px;opacity: 1;\"><div class=\"gem-icon-inner\" style=\"\"><span class=\"gem-icon-half-1\" style=\"color: #2c3d51;\"><span class=\"back-angle\">&#xf004;<\/span><\/span><span class=\"gem-icon-half-2\" style=\"color: #2c3d51;\"><span class=\"back-angle\">&#xf004;<\/span><\/span><\/div><\/div><\/div>\n\t<div class=\"wpb_text_column wpb_content_element\" >\n\t\t<div class=\"wpb_wrapper\">\n\t\t\t<p style=\"font-family: 'Yeseva One', sans-serif; color: #2c3d51; font-size: 21px; line-height: 25px; letter-spacing: 0px; text-align: center;\">Suporte &amp; Afeto<\/p>\n<p style=\"text-align: center;\">Juntos vamos identificar as ra\u00edzes do que est\u00e1 te fazendo sofrer com  depress\u00e3o e explorar din\u00e2micas que ir\u00e3o te fazer se sentir mais motivado a viver uma vida mais feliz. Vamos juntos montar um plano que ir\u00e1 libertar sua mente  e  focar sua energia naquilo que e mais importante pra voc\u00ea.<\/p>\n\n\t\t<\/div>\n\t<\/div>\n<\/div><\/div><\/div><div class=\"wpb_column vc_column_container vc_col-sm-4 vc_col-has-fill\"><div class=\"vc_column-inner vc_custom_1552013530434\"><div class=\"wpb_wrapper\"><div class=\"centered-box\"><div class=\"gem-icon gem-icon-pack-fontawesome gem-icon-size-medium  gem-icon-shape-square gem-simple-icon\" style=\"margin-top: 50px;margin-bottom: 35px;opacity: 1;\"><div class=\"gem-icon-inner\" style=\"\"><span class=\"gem-icon-half-1\" style=\"color: #2c3d51;\"><span class=\"back-angle\">&#xf007;<\/span><\/span><span class=\"gem-icon-half-2\" style=\"color: #2c3d51;\"><span class=\"back-angle\">&#xf007;<\/span><\/span><\/div><\/div><\/div>\n\t<div class=\"wpb_text_column wpb_content_element\" >\n\t\t<div class=\"wpb_wrapper\">\n\t\t\t<p style=\"font-family: 'Yeseva One', sans-serif; color: #2c3d51; font-size: 21px; line-height: 25px; letter-spacing: 0px; text-align: center;\">Identifique a Causa<\/p>\n<p style=\"text-align: center;\">Identificar a causa do problema pode ser desafiador. Muitas vezes sentimos que n\u00e3o temos algo espec\u00edfico que nos causa um problema ou que \u00e9 imposs\u00edvel identificar a raz\u00e3o de estarmos em determinada situa\u00e7\u00e3o. Em outras ocasi\u00f5es, percebemos que o problema vai mais fundo do que pensamos. Vamos explorar juntos e identificar a raiz dos seus problemas. Identificar e aceitar, \u00e9 a chave da nossa jornada.<\/p>\n\n\t\t<\/div>\n\t<\/div>\n<\/div><\/div><\/div><div class=\"wpb_column vc_column_container vc_col-sm-4 vc_col-has-fill\"><div class=\"vc_column-inner vc_custom_1552013537938\"><div class=\"wpb_wrapper\"><div class=\"centered-box\"><div class=\"gem-icon gem-icon-pack-fontawesome gem-icon-size-medium  gem-icon-shape-square gem-simple-icon\" style=\"margin-top: 50px;margin-bottom: 35px;opacity: 1;\"><div class=\"gem-icon-inner\" style=\"\"><span class=\"gem-icon-half-1\" style=\"color: #2c3d51;\"><span class=\"back-angle\">&#xf0e6;<\/span><\/span><span class=\"gem-icon-half-2\" style=\"color: #2c3d51;\"><span class=\"back-angle\">&#xf0e6;<\/span><\/span><\/div><\/div><\/div>\n\t<div class=\"wpb_text_column wpb_content_element\" >\n\t\t<div class=\"wpb_wrapper\">\n\t\t\t<p style=\"font-family: 'Yeseva One', sans-serif; color: #2c3d51; font-size: 21px; line-height: 25px; letter-spacing: 0px; text-align: center;\">Ambiente Seguro<\/p>\n<p style=\"text-align: center;\">Um ambiente seguro \u00e9 um lugar onde voc\u00ea sabe que ir\u00e1 ser ouvido e n\u00e3o ser\u00e1 julgado. Onde voc\u00ea possui a liberdade para falar e se expressar de forma autentica, sem medo ou receio de ser julgado.<\/p>\n\n\t\t<\/div>\n\t<\/div>\n<\/div><\/div><\/div><\/div><div class=\"vc_row-full-width-before\"><\/div><div id=\"vc_row-69e783113084b\" data-vc-full-width=\"true\" data-vc-full-width-init=\"false\" class=\"vc_row wpb_row vc_row-fluid vc_custom_1556472030617 vc_row-has-fill vc_column-gap-35 vc_row-o-equal-height vc_row-flex\"><script type=\"text\/javascript\">if (typeof(gem_fix_fullwidth_position) == \"function\") { gem_fix_fullwidth_position(document.getElementById(\"vc_row-69e783113084b\")); }<\/script><div class=\"wpb_column vc_column_container vc_col-sm-6\"><div class=\"vc_column-inner\"><div class=\"wpb_wrapper\">\n\t<div class=\"wpb_text_column wpb_content_element vc_custom_1554571730142\" >\n\t\t<div class=\"wpb_wrapper\">\n\t\t\t<h2><span style=\"color: #ffffff; font-size: 37px; line-height: 35px !important;\">O c\u00e9u est\u00e1 cinza todo dia? <\/span><\/h2>\n<p><span style=\"color: #ffffff;\">Quando voc\u00ea est\u00e1 deprimido, tendemos a deixar de lado tudo que alcan\u00e7amos, e o que \u00e9 positivo n\u00f3s deixamos de lado sem perceber. Tentamos ver todo dia como um novo dia, ser forte, ser feliz, estar grato, mas acabamos cedendo; Ao primeiro sinal n\u00f3s acabamos desistindo. Cedemos para o primeiro pensamento negativo que temos. Tudo parece ser uma luta e \u00e9 dif\u00edcil tentar encontrar a motiva\u00e7\u00e3o para seguir com apenas o b\u00e1sico, quanto mais aproveitar a vida.<\/span><\/p>\n<p><span style=\"color: #ffffff;\">O primeiro passo em dire\u00e7\u00e3o a cura \u00e9 aceitar que voc\u00ea est\u00e1 sofrendo de depress\u00e3o. Estar sofrendo de depress\u00e3o n\u00e3o te define, voc\u00ea n\u00e3o \u00e9 um problema que precisa ser consertado, voc\u00ea est\u00e1 sofrendo de uma condi\u00e7\u00e3o que pode ser superada.<\/span><\/p>\n<p><span style=\"color: #ffffff;\">Juntos vamos identificar as ra\u00edzes do que est\u00e1 te fazendo sofrer com  depress\u00e3o e explorar din\u00e2micas que ir\u00e3o te fazer se sentir mais motivado a viver uma vida mais feliz. Vamos juntos montar um plano que ir\u00e1 libertar sua mente  e  focar sua energia naquilo que e mais importante pra voc\u00ea.<\/span><\/p>\n\n\t\t<\/div>\n\t<\/div>\n<\/div><\/div><\/div><div class=\"wpb_column vc_column_container vc_col-sm-6\"><div class=\"vc_column-inner\"><div class=\"wpb_wrapper\"><\/div><\/div><\/div><\/div><div class=\"vc_row-full-width vc_clearfix\"><\/div><div id=\"vc_row-69e78311309fa\" class=\"vc_row wpb_row vc_row-fluid vc_custom_1553474116850\"><div class=\"wpb_column vc_column_container vc_col-sm-12\"><div class=\"vc_column-inner\"><div class=\"wpb_wrapper\"><div id=\"fullwidth-block-69e7831130b07\" class=\"fullwidth-block clearfix\"  style=\"background-color: #2fc5b0;\"><script type=\"text\/javascript\">if (typeof(gem_fix_fullwidth_position) == \"function\") { gem_fix_fullwidth_position(document.getElementById(\"fullwidth-block-69e7831130b07\")); }<\/script><div class=\"fullwidth-block-inner\"><div class=\"container\"><div class=\"vc_row wpb_row vc_inner vc_row-fluid\"><div class=\"wpb_column vc_column_container vc_col-sm-12 vc_col-lg-4 vc_col-md-5\"><div class=\"vc_column-inner\"><div class=\"wpb_wrapper\"><div class=\"clearboth\"><\/div><div class=\"gem-divider\" style=\"margin-top: 80px;\"><\/div>\n\t<div class=\"wpb_text_column wpb_content_element\" >\n\t\t<div class=\"wpb_wrapper\">\n\t\t\t<div class=\"title-h1\" style=\"text-align: center;\"><span style=\"color: #ffffff;\">Vamos marcar uma sess\u00e3o?<\/span><\/div>\n\n\t\t<\/div>\n\t<\/div>\n<\/div><\/div><\/div><div class=\"wpb_column vc_column_container vc_col-sm-12 vc_col-lg-4 vc_col-md-3\"><div class=\"vc_column-inner\"><div class=\"wpb_wrapper\"><div class=\"clearboth\"><\/div><div class=\"gem-divider\" style=\"margin-top: 90px;\"><\/div>\n\t<div class=\"wpb_text_column wpb_content_element\" >\n\t\t<div class=\"wpb_wrapper\">\n\t\t\t<p style=\"text-align: center;\"><span style=\"color: #ffffff; font-size: 22px;\">Ser\u00e1 um prazer te receber em meu escrit\u00f3rio!<\/span><\/p>\n\n\t\t<\/div>\n\t<\/div>\n<\/div><\/div><\/div><div class=\"wpb_column vc_column_container vc_col-sm-12 vc_col-lg-4 vc_col-md-4\"><div class=\"vc_column-inner\"><div class=\"wpb_wrapper\"><div class=\"clearboth\"><\/div><div class=\"gem-divider\" style=\"margin-top: 60px;\"><\/div><div class=\"gem-button-container gem-button-position-center\"><a class=\"gem-button gem-button-size-medium gem-button-style-outline gem-button-text-weight-normal gem-button-border-3\" style=\"border-radius: 3px;border-color: #ffffff;color: #ffffff;\" onmouseleave=\"this.style.borderColor='#ffffff';this.style.backgroundColor='transparent';this.style.color='#ffffff';\" onmouseenter=\"this.style.backgroundColor='#ffffff';this.style.color='#2fc5b0';\" href=\"https:\/\/amandaromanog.typeform.com\/to\/lliXKx\" target=\"_self\">Tenho interesse!<\/a><\/div> <div class=\"clearboth\"><\/div><div class=\"gem-divider\" style=\"margin-top: 60px;\"><\/div><\/div><\/div><\/div><\/div><\/div><\/div><\/div><\/div><\/div><\/div><\/div>\n<\/div>","protected":false},"excerpt":{"rendered":"","protected":false},"author":1,"featured_media":0,"parent":0,"menu_order":0,"comment_status":"closed","ping_status":"closed","template":"","meta":{"footnotes":""},"class_list":["post-59","page","type-page","status-publish"],"aioseo_notices":[],"_links":{"self":[{"href":"https:\/\/amandagutierres.com\/pt\/wp-json\/wp\/v2\/pages\/59","targetHints":{"allow":["GET"]}}],"collection":[{"href":"https:\/\/amandagutierres.com\/pt\/wp-json\/wp\/v2\/pages"}],"about":[{"href":"https:\/\/amandagutierres.com\/pt\/wp-json\/wp\/v2\/types\/page"}],"author":[{"embeddable":true,"href":"https:\/\/amandagutierres.com\/pt\/wp-json\/wp\/v2\/users\/1"}],"replies":[{"embeddable":true,"href":"https:\/\/amandagutierres.com\/pt\/wp-json\/wp\/v2\/comments?post=59"}],"version-history":[{"count":4,"href":"https:\/\/amandagutierres.com\/pt\/wp-json\/wp\/v2\/pages\/59\/revisions"}],"predecessor-version":[{"id":221,"href":"https:\/\/amandagutierres.com\/pt\/wp-json\/wp\/v2\/pages\/59\/revisions\/221"}],"wp:attachment":[{"href":"https:\/\/amandagutierres.com\/pt\/wp-json\/wp\/v2\/media?parent=59"}],"curies":[{"name":"wp","href":"https:\/\/api.w.org\/{rel}","templated":true}]}}