{"id":53,"date":"2019-04-15T02:15:09","date_gmt":"2019-04-15T02:15:09","guid":{"rendered":"http:\/\/amandagutierres.com\/?page_id=53"},"modified":"2020-02-24T20:34:07","modified_gmt":"2020-02-24T20:34:07","slug":"motivation-life-goals","status":"publish","type":"page","link":"https:\/\/amandagutierres.com\/pt\/motivation-life-goals\/","title":{"rendered":"0.02 &#8211; Services &#8211; Motivation &#038; Life Goals"},"content":{"rendered":"<div class=\"wpb-content-wrapper\"><div class=\"vc_row-full-width-before\"><\/div><div id=\"vc_row-69e783107c16e\" data-vc-full-width=\"true\" data-vc-full-width-init=\"false\" class=\"vc_row wpb_row vc_row-fluid vc_custom_1539479599950 vc_row-has-fill vc_column-gap-35 vc_row-o-equal-height vc_row-o-content-middle vc_row-flex\"><script type=\"text\/javascript\">if (typeof(gem_fix_fullwidth_position) == \"function\") { gem_fix_fullwidth_position(document.getElementById(\"vc_row-69e783107c16e\")); }<\/script><div class=\"wpb_column vc_column_container vc_col-sm-6\"><div class=\"vc_column-inner\"><div class=\"wpb_wrapper\">\n\t<div class=\"wpb_text_column wpb_content_element\" id=\"intro-amanda-2\">\n\t\t<div class=\"wpb_wrapper\">\n\t\t\t<p><span style=\"color: #d78985;\"><b>Aprimore sua for\u00e7a interior <\/b><\/span><\/p>\n<h2>Um caminho claro em dire\u00e7\u00e3o aos seus objetivos e motiva\u00e7\u00f5es.<\/h2>\n\n\t\t<\/div>\n\t<\/div>\n<\/div><\/div><\/div><div class=\"wpb_column vc_column_container vc_col-sm-6 vc_col-has-fill\"><div class=\"vc_column-inner vc_custom_1552011701608\"><div class=\"wpb_wrapper\">\n\t<div class=\"wpb_text_column wpb_content_element\" >\n\t\t<div class=\"wpb_wrapper\">\n\t\t\t<p>A vida est\u00e1 em constante mudan\u00e7a, e pode ser um processo belo quando estamos fluindo junto, entretanto, h\u00e1 momentos onde parece que  a vida decidiu mudar e esqueceu de te avisar sobre os planos.<\/p>\n<p>Quando isso acontece sentimos as consequ\u00eancias disso e elas podem ser confusas, dif\u00edceis e at\u00e9 mesmo dolorosas.<\/p>\n<p><strong> Momentos assim nos trazem oportunidades para mudan\u00e7as profundas dentro de n\u00f3s, se nos permitimos que elas aconte\u00e7am.<\/strong><\/p>\n\n\t\t<\/div>\n\t<\/div>\n<\/div><\/div><\/div><\/div><div class=\"vc_row-full-width vc_clearfix\"><\/div><div id=\"vc_row-69e783107c4af\" class=\"vc_row wpb_row vc_row-fluid vc_custom_1552015560584 vc_column-gap-25 vc_row-o-equal-height vc_row-flex\"><div class=\"wpb_column vc_column_container vc_col-sm-4 vc_col-has-fill\"><div class=\"vc_column-inner vc_custom_1552013521065\"><div class=\"wpb_wrapper\"><div class=\"centered-box\"><div class=\"gem-icon gem-icon-pack-fontawesome gem-icon-size-medium  gem-icon-shape-square gem-simple-icon\" style=\"margin-top: 50px;margin-bottom: 35px;opacity: 1;\"><div class=\"gem-icon-inner\" style=\"\"><span class=\"gem-icon-half-1\" style=\"color: #2c3d51;\"><span class=\"back-angle\">&#xf005;<\/span><\/span><span class=\"gem-icon-half-2\" style=\"color: #2c3d51;\"><span class=\"back-angle\">&#xf005;<\/span><\/span><\/div><\/div><\/div>\n\t<div class=\"wpb_text_column wpb_content_element\" >\n\t\t<div class=\"wpb_wrapper\">\n\t\t\t<p style=\"font-family: 'Yeseva One', sans-serif; color: #2c3d51; font-size: 21px; line-height: 25px; letter-spacing: 0px; text-align: center;\">Objetivo \/ Motiva\u00e7\u00e3o:<\/p>\n<p style=\"text-align: center;\">Juntos vamos identificar seus objetivos e o que faz seu cora\u00e7\u00e3o bater mais forte. <\/br><\/br> O primeiro passo para descobrir o que te motiva \u00e9 estar ciente de si mesmo. <\/br><\/br>\u00c9 descobrir quem voc\u00ea \u00e9 e o que faz a tua vida vibrar em harmonia com quem voc\u00ea \u00e9 de verdade.<\/p>\n\n\t\t<\/div>\n\t<\/div>\n<\/div><\/div><\/div><div class=\"wpb_column vc_column_container vc_col-sm-4 vc_col-has-fill\"><div class=\"vc_column-inner vc_custom_1552013530434\"><div class=\"wpb_wrapper\"><div class=\"centered-box\"><div class=\"gem-icon gem-icon-pack-fontawesome gem-icon-size-medium  gem-icon-shape-square gem-simple-icon\" style=\"margin-top: 50px;margin-bottom: 35px;opacity: 1;\"><div class=\"gem-icon-inner\" style=\"\"><span class=\"gem-icon-half-1\" style=\"color: #2c3d51;\"><span class=\"back-angle\">&#xf084;<\/span><\/span><span class=\"gem-icon-half-2\" style=\"color: #2c3d51;\"><span class=\"back-angle\">&#xf084;<\/span><\/span><\/div><\/div><\/div>\n\t<div class=\"wpb_text_column wpb_content_element\" >\n\t\t<div class=\"wpb_wrapper\">\n\t\t\t<p style=\"font-family: 'Yeseva One', sans-serif; color: #2c3d51; font-size: 21px; line-height: 25px; letter-spacing: 0px; text-align: center;\">Identifique a causa:<\/p>\n<p style=\"text-align: center;\">Identificar a causa do problema pode ser desafiador. Muitas vezes sentimos que n\u00e3o temos algo espec\u00edfico que nos causa um problema ou que \u00e9 imposs\u00edvel identificar a raz\u00e3o de estarmos em determinada situa\u00e7\u00e3o. Em outras ocasi\u00f5es, percebemos que o problema vai mais fundo do que pensamos. Vamos explorar juntos e identificar a raiz dos seus problemas. Identificar e aceitar, \u00e9 a chave da nossa jornada.<\/p>\n\n\t\t<\/div>\n\t<\/div>\n<\/div><\/div><\/div><div class=\"wpb_column vc_column_container vc_col-sm-4 vc_col-has-fill\"><div class=\"vc_column-inner vc_custom_1552013537938\"><div class=\"wpb_wrapper\"><div class=\"centered-box\"><div class=\"gem-icon gem-icon-pack-fontawesome gem-icon-size-medium  gem-icon-shape-square gem-simple-icon\" style=\"margin-top: 50px;margin-bottom: 35px;opacity: 1;\"><div class=\"gem-icon-inner\" style=\"\"><span class=\"gem-icon-half-1\" style=\"color: #2c3d51;\"><span class=\"back-angle\">&#xf075;<\/span><\/span><span class=\"gem-icon-half-2\" style=\"color: #2c3d51;\"><span class=\"back-angle\">&#xf075;<\/span><\/span><\/div><\/div><\/div>\n\t<div class=\"wpb_text_column wpb_content_element\" >\n\t\t<div class=\"wpb_wrapper\">\n\t\t\t<p style=\"font-family: 'Yeseva One', sans-serif; color: #2c3d51; font-size: 21px; line-height: 25px; letter-spacing: 0px; text-align: center;\">Um ambiente seguro:<\/p>\n<p style=\"text-align: center;\">Um ambiente seguro \u00e9 um lugar onde voc\u00ea sabe que ir\u00e1 ser ouvido e n\u00e3o ser\u00e1 julgado. Onde voc\u00ea possui a liberdade para falar e se expressar de forma autentica, sem medo ou receio de ser julgado.<\/p>\n\n\t\t<\/div>\n\t<\/div>\n<\/div><\/div><\/div><\/div><div class=\"vc_row-full-width-before\"><\/div><div id=\"vc_row-69e783107c759\" data-vc-full-width=\"true\" data-vc-full-width-init=\"false\" class=\"vc_row wpb_row vc_row-fluid vc_custom_1556473269748 vc_row-has-fill vc_column-gap-35 vc_row-o-equal-height vc_row-flex\"><script type=\"text\/javascript\">if (typeof(gem_fix_fullwidth_position) == \"function\") { gem_fix_fullwidth_position(document.getElementById(\"vc_row-69e783107c759\")); }<\/script><div class=\"wpb_column vc_column_container vc_col-sm-6\"><div class=\"vc_column-inner\"><div class=\"wpb_wrapper\">\n\t<div class=\"wpb_text_column wpb_content_element vc_custom_1556473343278\" >\n\t\t<div class=\"wpb_wrapper\">\n\t\t\t<h2><span style=\"color: #ffffff; font-size: 25px; line-height: 35px !important;\">Um lugar seguro para buscar sua realiza\u00e7\u00e3o pr\u00f3pria:<\/span><\/h2>\n<p><span style=\"color: #ffffff;\">Sentimentos de querer mudar ou se sentir parado pode ser um sinal de que voc\u00ea n\u00e3o est\u00e1 vivendo seu verdadeiro potencial. H\u00e1 dentro de voc\u00ea as habilidades e ferramentas para vencer momentos dif\u00edceis e libertar seu potencial de realiza\u00e7\u00e3o.<\/span><\/p>\n<p><span style=\"color: #ffffff;\">O primeiro passo para descobrir o que te motiva \u00e9 estar ciente de si mesmo. \u00c9 descobrir quem voc\u00ea \u00e9 e o que faz a tua vida vibrar em harmonia com quem voc\u00ea \u00e9.<\/span><\/p>\n\n\t\t<\/div>\n\t<\/div>\n<\/div><\/div><\/div><div class=\"wpb_column vc_column_container vc_col-sm-6\"><div class=\"vc_column-inner\"><div class=\"wpb_wrapper\"><\/div><\/div><\/div><\/div><div class=\"vc_row-full-width vc_clearfix\"><\/div><div id=\"vc_row-69e783107c883\" class=\"vc_row wpb_row vc_row-fluid\"><div class=\"wpb_column vc_column_container vc_col-sm-12\"><div class=\"vc_column-inner\"><div class=\"wpb_wrapper\"><div id=\"fullwidth-block-69e783107c98a\" class=\"fullwidth-block clearfix\"  style=\"background-color: #2fc5b0;\"><script type=\"text\/javascript\">if (typeof(gem_fix_fullwidth_position) == \"function\") { gem_fix_fullwidth_position(document.getElementById(\"fullwidth-block-69e783107c98a\")); }<\/script><div class=\"fullwidth-block-inner\"><div class=\"container\"><div class=\"vc_row wpb_row vc_inner vc_row-fluid\"><div class=\"wpb_column vc_column_container vc_col-sm-12 vc_col-lg-4 vc_col-md-5\"><div class=\"vc_column-inner\"><div class=\"wpb_wrapper\"><div class=\"clearboth\"><\/div><div class=\"gem-divider\" style=\"margin-top: 80px;\"><\/div>\n\t<div class=\"wpb_text_column wpb_content_element\" >\n\t\t<div class=\"wpb_wrapper\">\n\t\t\t<div class=\"title-h1\" style=\"text-align: center;\"><span style=\"color: #ffffff;\">Vamos marcar uma sess\u00e3o?<\/span><\/div>\n\n\t\t<\/div>\n\t<\/div>\n<\/div><\/div><\/div><div class=\"wpb_column vc_column_container vc_col-sm-12 vc_col-lg-4 vc_col-md-3\"><div class=\"vc_column-inner\"><div class=\"wpb_wrapper\"><div class=\"clearboth\"><\/div><div class=\"gem-divider\" style=\"margin-top: 90px;\"><\/div>\n\t<div class=\"wpb_text_column wpb_content_element\" >\n\t\t<div class=\"wpb_wrapper\">\n\t\t\t<p style=\"text-align: center;\"><span style=\"color: #ffffff; font-size: 22px;\">Ser\u00e1 um prazer te receber em meu escrit\u00f3rio!<\/span><\/p>\n\n\t\t<\/div>\n\t<\/div>\n<\/div><\/div><\/div><div class=\"wpb_column vc_column_container vc_col-sm-12 vc_col-lg-4 vc_col-md-4\"><div class=\"vc_column-inner\"><div class=\"wpb_wrapper\"><div class=\"clearboth\"><\/div><div class=\"gem-divider\" style=\"margin-top: 60px;\"><\/div><div class=\"gem-button-container gem-button-position-center\"><a class=\"gem-button gem-button-size-medium gem-button-style-outline gem-button-text-weight-normal gem-button-border-3\" style=\"border-radius: 3px;border-color: #ffffff;color: #ffffff;\" onmouseleave=\"this.style.borderColor='#ffffff';this.style.backgroundColor='transparent';this.style.color='#ffffff';\" onmouseenter=\"this.style.backgroundColor='#ffffff';this.style.color='#2fc5b0';\" href=\"https:\/\/amandaromanog.typeform.com\/to\/lliXKx\" target=\"_self\">Tenho interesse!<\/a><\/div> <div class=\"clearboth\"><\/div><div class=\"gem-divider\" style=\"margin-top: 60px;\"><\/div><\/div><\/div><\/div><\/div><\/div><\/div><\/div><\/div><\/div><\/div><\/div>\n<\/div>","protected":false},"excerpt":{"rendered":"","protected":false},"author":1,"featured_media":0,"parent":0,"menu_order":0,"comment_status":"closed","ping_status":"closed","template":"","meta":{"footnotes":""},"class_list":["post-53","page","type-page","status-publish"],"aioseo_notices":[],"_links":{"self":[{"href":"https:\/\/amandagutierres.com\/pt\/wp-json\/wp\/v2\/pages\/53","targetHints":{"allow":["GET"]}}],"collection":[{"href":"https:\/\/amandagutierres.com\/pt\/wp-json\/wp\/v2\/pages"}],"about":[{"href":"https:\/\/amandagutierres.com\/pt\/wp-json\/wp\/v2\/types\/page"}],"author":[{"embeddable":true,"href":"https:\/\/amandagutierres.com\/pt\/wp-json\/wp\/v2\/users\/1"}],"replies":[{"embeddable":true,"href":"https:\/\/amandagutierres.com\/pt\/wp-json\/wp\/v2\/comments?post=53"}],"version-history":[{"count":5,"href":"https:\/\/amandagutierres.com\/pt\/wp-json\/wp\/v2\/pages\/53\/revisions"}],"predecessor-version":[{"id":219,"href":"https:\/\/amandagutierres.com\/pt\/wp-json\/wp\/v2\/pages\/53\/revisions\/219"}],"wp:attachment":[{"href":"https:\/\/amandagutierres.com\/pt\/wp-json\/wp\/v2\/media?parent=53"}],"curies":[{"name":"wp","href":"https:\/\/api.w.org\/{rel}","templated":true}]}}