{"id":50,"date":"2019-04-15T02:12:44","date_gmt":"2019-04-15T02:12:44","guid":{"rendered":"http:\/\/amandagutierres.com\/?page_id=50"},"modified":"2020-02-24T20:48:39","modified_gmt":"2020-02-24T20:48:39","slug":"family-conflict-life-transitions","status":"publish","type":"page","link":"https:\/\/amandagutierres.com\/pt\/family-conflict-life-transitions\/","title":{"rendered":"0.02 &#8211; Services &#8211; Family Conflict &#038; Life Transitions"},"content":{"rendered":"<div class=\"wpb-content-wrapper\"><div class=\"vc_row-full-width-before\"><\/div><div id=\"vc_row-69e783162ddf3\" data-vc-full-width=\"true\" data-vc-full-width-init=\"false\" class=\"vc_row wpb_row vc_row-fluid vc_custom_1539479599950 vc_row-has-fill vc_column-gap-35 vc_row-o-equal-height vc_row-o-content-middle vc_row-flex\"><script type=\"text\/javascript\">if (typeof(gem_fix_fullwidth_position) == \"function\") { gem_fix_fullwidth_position(document.getElementById(\"vc_row-69e783162ddf3\")); }<\/script><div class=\"wpb_column vc_column_container vc_col-sm-6\"><div class=\"vc_column-inner\"><div class=\"wpb_wrapper\">\n\t<div class=\"wpb_text_column wpb_content_element\" id=\"intro-amanda-2\">\n\t\t<div class=\"wpb_wrapper\">\n\t\t\t<p><span style=\"color: #d78985;\"><b>A vida ir\u00e1 apresentar adversidades e desapontamentos para serem superados.<\/b><\/span><\/p>\n<h2>\u00c9 hora de entender e ser entendido, aprender e aceitar mudan\u00e7as.<\/h2>\n\n\t\t<\/div>\n\t<\/div>\n<\/div><\/div><\/div><div class=\"wpb_column vc_column_container vc_col-sm-6 vc_col-has-fill\"><div class=\"vc_column-inner vc_custom_1552011701608\"><div class=\"wpb_wrapper\">\n\t<div class=\"wpb_text_column wpb_content_element\" >\n\t\t<div class=\"wpb_wrapper\">\n\t\t\t<p>Cada relacionamento e transi\u00e7\u00e3o em nossas vidas trazem expectativas, e com elas, frustra\u00e7\u00f5es podem surgir. Essas pequenas frustra\u00e7\u00f5es \u00e9 um fator comum ao se relacionar umas com as outras. Entretanto, quando essas pequenas frustra\u00e7\u00f5es n\u00e3o s\u00e3o superadas, elas podem se tornar algo maior e te deixar com o sentimento de ressentimento.<\/p>\n\n\t\t<\/div>\n\t<\/div>\n<\/div><\/div><\/div><\/div><div class=\"vc_row-full-width vc_clearfix\"><\/div><div id=\"vc_row-69e783162e15f\" class=\"vc_row wpb_row vc_row-fluid vc_custom_1552015560584 vc_column-gap-25 vc_row-o-equal-height vc_row-flex\"><div class=\"wpb_column vc_column_container vc_col-sm-4 vc_col-has-fill\"><div class=\"vc_column-inner vc_custom_1552013521065\"><div class=\"wpb_wrapper\"><div class=\"centered-box\"><div class=\"gem-icon gem-icon-pack-fontawesome gem-icon-size-medium  gem-icon-shape-square gem-simple-icon\" style=\"margin-top: 50px;margin-bottom: 35px;opacity: 1;\"><div class=\"gem-icon-inner\" style=\"\"><span class=\"gem-icon-half-1\" style=\"color: #2c3d51;\"><span class=\"back-angle\">&#xf018;<\/span><\/span><span class=\"gem-icon-half-2\" style=\"color: #2c3d51;\"><span class=\"back-angle\">&#xf018;<\/span><\/span><\/div><\/div><\/div>\n\t<div class=\"wpb_text_column wpb_content_element\" >\n\t\t<div class=\"wpb_wrapper\">\n\t\t\t<p style=\"font-family: 'Yeseva One', sans-serif; color: #2c3d51; font-size: 21px; line-height: 25px; letter-spacing: 0px; text-align: center;\">A life in harmony:<\/p>\n<p style=\"text-align: center;\">Transi\u00e7\u00f5es de vida e conflitos de fam\u00edlia podem ser desafiadores; Entretanto, mudar \u00e9 algo inerente a vida e quando processado de maneira correta pode facilitar seu crescimento pessoal e uma vida mais rica. Juntos vamos explorar esses desafios e mudan\u00e7as para aprender e empoderar.<\/p>\n\n\t\t<\/div>\n\t<\/div>\n<\/div><\/div><\/div><div class=\"wpb_column vc_column_container vc_col-sm-4 vc_col-has-fill\"><div class=\"vc_column-inner vc_custom_1552013530434\"><div class=\"wpb_wrapper\"><div class=\"centered-box\"><div class=\"gem-icon gem-icon-pack-fontawesome gem-icon-size-medium  gem-icon-shape-square gem-simple-icon\" style=\"margin-top: 50px;margin-bottom: 35px;opacity: 1;\"><div class=\"gem-icon-inner\" style=\"\"><span class=\"gem-icon-half-1\" style=\"color: #2c3d51;\"><span class=\"back-angle\">&#xf004;<\/span><\/span><span class=\"gem-icon-half-2\" style=\"color: #2c3d51;\"><span class=\"back-angle\">&#xf004;<\/span><\/span><\/div><\/div><\/div>\n\t<div class=\"wpb_text_column wpb_content_element\" >\n\t\t<div class=\"wpb_wrapper\">\n\t\t\t<p style=\"font-family: 'Yeseva One', sans-serif; color: #2c3d51; font-size: 21px; line-height: 25px; letter-spacing: 0px; text-align: center;\">Identifique a causa:<\/p>\n<p style=\"text-align: center;\">Identificar a causa do problema pode ser desafiador. Muitas vezes sentimos que n\u00e3o temos algo espec\u00edfico que nos causa um problema ou que \u00e9 imposs\u00edvel identificar a raz\u00e3o de estarmos em determinada situa\u00e7\u00e3o. Em outras ocasi\u00f5es, percebemos que o problema vai mais fundo do que pensamos. Vamos explorar juntos e identificar a raiz dos seus problemas. Identificar e aceitar, \u00e9 a chave da nossa jornada.<\/p>\n\n\t\t<\/div>\n\t<\/div>\n<\/div><\/div><\/div><div class=\"wpb_column vc_column_container vc_col-sm-4 vc_col-has-fill\"><div class=\"vc_column-inner vc_custom_1552013537938\"><div class=\"wpb_wrapper\"><div class=\"centered-box\"><div class=\"gem-icon gem-icon-pack-fontawesome gem-icon-size-medium  gem-icon-shape-square gem-simple-icon\" style=\"margin-top: 50px;margin-bottom: 35px;opacity: 1;\"><div class=\"gem-icon-inner\" style=\"\"><span class=\"gem-icon-half-1\" style=\"color: #2c3d51;\"><span class=\"back-angle\">&#xf067;<\/span><\/span><span class=\"gem-icon-half-2\" style=\"color: #2c3d51;\"><span class=\"back-angle\">&#xf067;<\/span><\/span><\/div><\/div><\/div>\n\t<div class=\"wpb_text_column wpb_content_element\" >\n\t\t<div class=\"wpb_wrapper\">\n\t\t\t<p style=\"font-family: 'Yeseva One', sans-serif; color: #2c3d51; font-size: 21px; line-height: 25px; letter-spacing: 0px; text-align: center;\">Um ambiente seguro:<\/p>\n<p style=\"text-align: center;\">Um ambiente seguro \u00e9 um lugar onde voc\u00ea sabe que ir\u00e1 ser ouvido e n\u00e3o ser\u00e1 julgado. Onde voc\u00ea possui a liberdade para falar e se expressar de forma autentica, sem medo ou receio de ser julgado.<\/p>\n\n\t\t<\/div>\n\t<\/div>\n<\/div><\/div><\/div><\/div><div class=\"vc_row-full-width-before\"><\/div><div id=\"vc_row-69e783162e3f9\" data-vc-full-width=\"true\" data-vc-full-width-init=\"false\" class=\"vc_row wpb_row vc_row-fluid vc_custom_1556472550178 vc_row-has-fill vc_column-gap-35 vc_row-o-equal-height vc_row-flex\"><script type=\"text\/javascript\">if (typeof(gem_fix_fullwidth_position) == \"function\") { gem_fix_fullwidth_position(document.getElementById(\"vc_row-69e783162e3f9\")); }<\/script><div class=\"wpb_column vc_column_container vc_col-sm-6\"><div class=\"vc_column-inner\"><div class=\"wpb_wrapper\">\n\t<div class=\"wpb_text_column wpb_content_element vc_custom_1581390702181\" >\n\t\t<div class=\"wpb_wrapper\">\n\t\t\t<h2><span style=\"color: #ffffff; font-size: 37px; line-height: 35px !important;\">Toda vida evolui<br \/>\n<\/span><\/h2>\n<p><span style=\"color: #ffffff;\">Families relationships can be overwhelming at times. Things can get very messy and it seems difficult to find a solution or to see a way out of it. A lot of feelings can come to surface when we are thinking about our family; sometimes the feeling of not being appreciated, feelings of disappointments, frustration. Conflict can happen when family members have different ways of seeing and communicating things, therefore clashing may seem imminent.<\/span><\/p>\n<p><span style=\"color: #ffffff;\">A vida em fam\u00edlia e transi\u00e7\u00f5es podem ser desafiadores. Mudan\u00e7as s\u00e3o inerentes a vida e quando processadas de maneira correta podem promover felicidade e crescimento. Juntos vamos explorar essas mudan\u00e7as e desafios de uma maneira que nos permita alcan\u00e7ar nosso verdadeiro potencial.<\/span><\/p>\n\n\t\t<\/div>\n\t<\/div>\n<\/div><\/div><\/div><div class=\"wpb_column vc_column_container vc_col-sm-6\"><div class=\"vc_column-inner\"><div class=\"wpb_wrapper\"><\/div><\/div><\/div><\/div><div class=\"vc_row-full-width vc_clearfix\"><\/div><div id=\"vc_row-69e783162e519\" class=\"vc_row wpb_row vc_row-fluid vc_custom_1553486488923\"><div class=\"wpb_column vc_column_container vc_col-sm-12\"><div class=\"vc_column-inner\"><div class=\"wpb_wrapper\"><div id=\"fullwidth-block-69e783162e5d6\" class=\"fullwidth-block clearfix\"  style=\"background-color: #2fc5b0;\"><script type=\"text\/javascript\">if (typeof(gem_fix_fullwidth_position) == \"function\") { gem_fix_fullwidth_position(document.getElementById(\"fullwidth-block-69e783162e5d6\")); }<\/script><div class=\"fullwidth-block-inner\"><div class=\"container\"><div class=\"vc_row wpb_row vc_inner vc_row-fluid\"><div class=\"wpb_column vc_column_container vc_col-sm-12 vc_col-lg-4 vc_col-md-5\"><div class=\"vc_column-inner\"><div class=\"wpb_wrapper\"><div class=\"clearboth\"><\/div><div class=\"gem-divider\" style=\"margin-top: 80px;\"><\/div>\n\t<div class=\"wpb_text_column wpb_content_element\" >\n\t\t<div class=\"wpb_wrapper\">\n\t\t\t<div class=\"title-h1\" style=\"text-align: center;\"><span style=\"color: #ffffff;\">Vamos marcar uma sess\u00e3o?<\/span><\/div>\n\n\t\t<\/div>\n\t<\/div>\n<\/div><\/div><\/div><div class=\"wpb_column vc_column_container vc_col-sm-12 vc_col-lg-4 vc_col-md-3\"><div class=\"vc_column-inner\"><div class=\"wpb_wrapper\"><div class=\"clearboth\"><\/div><div class=\"gem-divider\" style=\"margin-top: 90px;\"><\/div>\n\t<div class=\"wpb_text_column wpb_content_element\" >\n\t\t<div class=\"wpb_wrapper\">\n\t\t\t<p style=\"text-align: center;\"><span style=\"color: #ffffff; font-size: 22px;\">Ser\u00e1 um prazer te receber em meu escrit\u00f3rio!<\/span><\/p>\n\n\t\t<\/div>\n\t<\/div>\n<\/div><\/div><\/div><div class=\"wpb_column vc_column_container vc_col-sm-12 vc_col-lg-4 vc_col-md-4\"><div class=\"vc_column-inner\"><div class=\"wpb_wrapper\"><div class=\"clearboth\"><\/div><div class=\"gem-divider\" style=\"margin-top: 60px;\"><\/div><div class=\"gem-button-container gem-button-position-center\"><a class=\"gem-button gem-button-size-medium gem-button-style-outline gem-button-text-weight-normal gem-button-border-3\" style=\"border-radius: 3px;border-color: #ffffff;color: #ffffff;\" onmouseleave=\"this.style.borderColor='#ffffff';this.style.backgroundColor='transparent';this.style.color='#ffffff';\" onmouseenter=\"this.style.backgroundColor='#ffffff';this.style.color='#2fc5b0';\" href=\"https:\/\/amandaromanog.typeform.com\/to\/lliXKx\" target=\"_self\">Tenho interesse!<\/a><\/div> <div class=\"clearboth\"><\/div><div class=\"gem-divider\" style=\"margin-top: 60px;\"><\/div><\/div><\/div><\/div><\/div><\/div><\/div><\/div><\/div><\/div><\/div><\/div>\n<\/div>","protected":false},"excerpt":{"rendered":"","protected":false},"author":1,"featured_media":0,"parent":0,"menu_order":0,"comment_status":"closed","ping_status":"closed","template":"","meta":{"footnotes":""},"class_list":["post-50","page","type-page","status-publish"],"aioseo_notices":[],"_links":{"self":[{"href":"https:\/\/amandagutierres.com\/pt\/wp-json\/wp\/v2\/pages\/50","targetHints":{"allow":["GET"]}}],"collection":[{"href":"https:\/\/amandagutierres.com\/pt\/wp-json\/wp\/v2\/pages"}],"about":[{"href":"https:\/\/amandagutierres.com\/pt\/wp-json\/wp\/v2\/types\/page"}],"author":[{"embeddable":true,"href":"https:\/\/amandagutierres.com\/pt\/wp-json\/wp\/v2\/users\/1"}],"replies":[{"embeddable":true,"href":"https:\/\/amandagutierres.com\/pt\/wp-json\/wp\/v2\/comments?post=50"}],"version-history":[{"count":5,"href":"https:\/\/amandagutierres.com\/pt\/wp-json\/wp\/v2\/pages\/50\/revisions"}],"predecessor-version":[{"id":224,"href":"https:\/\/amandagutierres.com\/pt\/wp-json\/wp\/v2\/pages\/50\/revisions\/224"}],"wp:attachment":[{"href":"https:\/\/amandagutierres.com\/pt\/wp-json\/wp\/v2\/media?parent=50"}],"curies":[{"name":"wp","href":"https:\/\/api.w.org\/{rel}","templated":true}]}}