{"id":47,"date":"2019-04-15T02:09:11","date_gmt":"2019-04-15T02:09:11","guid":{"rendered":"http:\/\/amandagutierres.com\/?page_id=47"},"modified":"2020-02-24T20:36:00","modified_gmt":"2020-02-24T20:36:00","slug":"anxiety-panic-treatment","status":"publish","type":"page","link":"https:\/\/amandagutierres.com\/pt\/anxiety-panic-treatment\/","title":{"rendered":"0.02 &#8211; Services &#8211; Anxiety &#038; Panic Treatment"},"content":{"rendered":"<div class=\"wpb-content-wrapper\"><div class=\"vc_row-full-width-before\"><\/div><div id=\"vc_row-69e78310aa5ea\" data-vc-full-width=\"true\" data-vc-full-width-init=\"false\" class=\"vc_row wpb_row vc_row-fluid vc_custom_1539479599950 vc_row-has-fill vc_column-gap-35 vc_row-o-equal-height vc_row-o-content-middle vc_row-flex\"><script type=\"text\/javascript\">if (typeof(gem_fix_fullwidth_position) == \"function\") { gem_fix_fullwidth_position(document.getElementById(\"vc_row-69e78310aa5ea\")); }<\/script><div class=\"wpb_column vc_column_container vc_col-sm-6\"><div class=\"vc_column-inner\"><div class=\"wpb_wrapper\">\n\t<div class=\"wpb_text_column wpb_content_element\" id=\"intro-amanda-2\">\n\t\t<div class=\"wpb_wrapper\">\n\t\t\t<p><span style=\"color: #d78985;\"><b>Vamos encontrar uma maneira melhor de se viver<\/b><\/span><\/p>\n<h2>Um ambiente seguro para curar e superar os sintomas de p\u00e2nico e ansiedade.<\/h2>\n\n\t\t<\/div>\n\t<\/div>\n<\/div><\/div><\/div><div class=\"wpb_column vc_column_container vc_col-sm-6 vc_col-has-fill\"><div class=\"vc_column-inner vc_custom_1552011701608\"><div class=\"wpb_wrapper\">\n\t<div class=\"wpb_text_column wpb_content_element\" >\n\t\t<div class=\"wpb_wrapper\">\n\t\t\t<p>Voc\u00ea n\u00e3o est\u00e1 sozinho. Todos n\u00f3s podemos enfrentar a ansiedade em momentos de nossas vidas, por\u00e9m quando \u00e9 muito, nos encontramos antecipando os eventos e circunstancias em nossas mentes de maneira negativa. Sofrer de ansiedade pode ter impactos desgastantes no nosso emocional e at\u00e9 em nosso f\u00edsico. Pode ser debilitante e limitador. A forma mais severa da ansiedade \u00e9 o p\u00e2nico.<\/p>\n<p><strong>Embora a ansiedade \u00e9 uma desordem comum, n\u00e3o significa que voc\u00ea deva a aceitar ou viver com ela.<\/strong><\/p>\n\n\t\t<\/div>\n\t<\/div>\n<\/div><\/div><\/div><\/div><div class=\"vc_row-full-width vc_clearfix\"><\/div><div id=\"vc_row-69e78310aab06\" class=\"vc_row wpb_row vc_row-fluid vc_custom_1553473092257 vc_column-gap-25 vc_row-o-equal-height vc_row-flex\"><div class=\"wpb_column vc_column_container vc_col-sm-4 vc_col-has-fill\"><div class=\"vc_column-inner vc_custom_1552013521065\"><div class=\"wpb_wrapper\"><div class=\"centered-box\"><div class=\"gem-icon gem-icon-pack-fontawesome gem-icon-size-medium  gem-icon-shape-square gem-simple-icon\" style=\"margin-top: 50px;margin-bottom: 35px;opacity: 1;\"><div class=\"gem-icon-inner\" style=\"\"><span class=\"gem-icon-half-1\" style=\"color: #2c3d51;\"><span class=\"back-angle\">&#xf007;<\/span><\/span><span class=\"gem-icon-half-2\" style=\"color: #2c3d51;\"><span class=\"back-angle\">&#xf007;<\/span><\/span><\/div><\/div><\/div>\n\t<div class=\"wpb_text_column wpb_content_element\" >\n\t\t<div class=\"wpb_wrapper\">\n\t\t\t<p style=\"font-family: 'Yeseva One', sans-serif; color: #2c3d51; font-size: 21px; line-height: 25px; letter-spacing: 0px; text-align: center;\">Assuma o controle da sua vida:<\/p>\n<p style=\"text-align: center;\">Ao inv\u00e9s de deixar a ansiedade tomar conta e o controle da sua vida, \u00e9 poss\u00edvel que voc\u00ea escolha a dire\u00e7\u00e3o que deseja seguir. Juntos n\u00f3s identificamos as raizes do que est\u00e1 te causando o sofrimento de ansiedade e faremos um plano para te libertar e permitir que voc\u00ea use sua mente e energia naquilo que te mais importa.<\/p>\n\n\t\t<\/div>\n\t<\/div>\n<\/div><\/div><\/div><div class=\"wpb_column vc_column_container vc_col-sm-4 vc_col-has-fill\"><div class=\"vc_column-inner vc_custom_1552013530434\"><div class=\"wpb_wrapper\"><div class=\"centered-box\"><div class=\"gem-icon gem-icon-pack-fontawesome gem-icon-size-medium  gem-icon-shape-square gem-simple-icon\" style=\"margin-top: 50px;margin-bottom: 35px;opacity: 1;\"><div class=\"gem-icon-inner\" style=\"\"><span class=\"gem-icon-half-1\" style=\"color: #2c3d51;\"><span class=\"back-angle\">&#xf024;<\/span><\/span><span class=\"gem-icon-half-2\" style=\"color: #2c3d51;\"><span class=\"back-angle\">&#xf024;<\/span><\/span><\/div><\/div><\/div>\n\t<div class=\"wpb_text_column wpb_content_element\" >\n\t\t<div class=\"wpb_wrapper\">\n\t\t\t<p style=\"font-family: 'Yeseva One', sans-serif; color: #2c3d51; font-size: 21px; line-height: 25px; letter-spacing: 0px; text-align: center;\">Identifique a causa:<\/p>\n<p style=\"text-align: center;\">Identificar a causa do problema pode ser desafiador. Muitas vezes sentimos que n\u00e3o temos algo espec\u00edfico que nos causa um problema ou que \u00e9 imposs\u00edvel identificar a raz\u00e3o de estarmos em determinada situa\u00e7\u00e3o. Em outras ocasi\u00f5es, percebemos que o problema vai mais fundo do que pensamos. Vamos explorar juntos e identificar a raiz dos seus problemas. Identificar e aceitar, \u00e9 a chave da nossa jornada.<\/p>\n\n\t\t<\/div>\n\t<\/div>\n<\/div><\/div><\/div><div class=\"wpb_column vc_column_container vc_col-sm-4 vc_col-has-fill\"><div class=\"vc_column-inner vc_custom_1552013537938\"><div class=\"wpb_wrapper\"><div class=\"centered-box\"><div class=\"gem-icon gem-icon-pack-fontawesome gem-icon-size-medium  gem-icon-shape-square gem-simple-icon\" style=\"margin-top: 50px;margin-bottom: 35px;opacity: 1;\"><div class=\"gem-icon-inner\" style=\"\"><span class=\"gem-icon-half-1\" style=\"color: #2c3d51;\"><span class=\"back-angle\">&#xf002;<\/span><\/span><span class=\"gem-icon-half-2\" style=\"color: #2c3d51;\"><span class=\"back-angle\">&#xf002;<\/span><\/span><\/div><\/div><\/div>\n\t<div class=\"wpb_text_column wpb_content_element\" >\n\t\t<div class=\"wpb_wrapper\">\n\t\t\t<p style=\"font-family: 'Yeseva One', sans-serif; color: #2c3d51; font-size: 21px; line-height: 25px; letter-spacing: 0px; text-align: center;\">Um ambiente seguro:<\/p>\n<p style=\"text-align: center;\">Um ambiente seguro \u00e9 um lugar onde voc\u00ea sabe que ir\u00e1 ser ouvido e n\u00e3o ser\u00e1 julgado. Onde voc\u00ea possui a liberdade para falar e se expressar de forma autentica, sem medo ou receio de ser julgado.<\/p>\n\n\t\t<\/div>\n\t<\/div>\n<\/div><\/div><\/div><\/div><div class=\"vc_row-full-width-before\"><\/div><div id=\"vc_row-69e78310aaf6f\" data-vc-full-width=\"true\" data-vc-full-width-init=\"false\" class=\"vc_row wpb_row vc_row-fluid vc_custom_1556471808766 vc_row-has-fill vc_column-gap-35 vc_row-o-equal-height vc_row-flex\"><script type=\"text\/javascript\">if (typeof(gem_fix_fullwidth_position) == \"function\") { gem_fix_fullwidth_position(document.getElementById(\"vc_row-69e78310aaf6f\")); }<\/script><div class=\"wpb_column vc_column_container vc_col-sm-6\"><div class=\"vc_column-inner\"><div class=\"wpb_wrapper\">\n\t<div class=\"wpb_text_column wpb_content_element vc_custom_1554570960793\" >\n\t\t<div class=\"wpb_wrapper\">\n\t\t\t<h2><span style=\"color: #ffffff; font-size: 37px; line-height: 35px !important;\">Assuma o controle da sua vida:<\/span><\/h2>\n<p><span style=\"color: #ffffff;\">Ataques de p\u00e2nico e ansiedade podem transformar o dia mais bonito em um grande desafio. Podem ser extremamente limitantes e te debilitar e como consequ\u00eancia, nos fazem sentir desconfort\u00e1veis e com sensa\u00e7\u00f5es assustadoras.\nA ansiedade pode afetar sua vida de maneiras diferentes, de estar assustado a se sentir paralisado. \u00c9 quase imposs\u00edvel achar felicidade em sua vida. <\/span><\/p>\n<p><span style=\"color: #ffffff;\">H\u00e1 diversos fatores que causam a ansiedade, desde drogas a medica\u00e7\u00f5es, problemas f\u00edsicos e mentais, traumas infantis at\u00e9 situa\u00e7\u00f5es atuais da sua vida. Juntos vamos identificar as raizes do que est\u00e1 te causando este sofrimento e faremos um plano para libertar sua mente e concentra\u00e7\u00e3o para que voc\u00ea utilize sua energia naquilo que \u00e9 mais importante.<\/span><\/p>\n\n\t\t<\/div>\n\t<\/div>\n<\/div><\/div><\/div><div class=\"wpb_column vc_column_container vc_col-sm-6\"><div class=\"vc_column-inner\"><div class=\"wpb_wrapper\"><\/div><\/div><\/div><\/div><div class=\"vc_row-full-width vc_clearfix\"><\/div><div id=\"vc_row-69e78310ab13e\" class=\"vc_row wpb_row vc_row-fluid cta vc_custom_1582562844063\"><div class=\"wpb_column vc_column_container vc_col-sm-12\"><div class=\"vc_column-inner\"><div class=\"wpb_wrapper\"><div id=\"fullwidth-block-69e78310ab290\" class=\"fullwidth-block clearfix\"  style=\"background-color: #2fc5b0;\"><script type=\"text\/javascript\">if (typeof(gem_fix_fullwidth_position) == \"function\") { gem_fix_fullwidth_position(document.getElementById(\"fullwidth-block-69e78310ab290\")); }<\/script><div class=\"fullwidth-block-inner\"><div class=\"container\"><div class=\"vc_row wpb_row vc_inner vc_row-fluid\"><div class=\"wpb_column vc_column_container vc_col-sm-12 vc_col-lg-4 vc_col-md-5\"><div class=\"vc_column-inner\"><div class=\"wpb_wrapper\"><div class=\"clearboth\"><\/div><div class=\"gem-divider\" style=\"margin-top: 80px;\"><\/div>\n\t<div class=\"wpb_text_column wpb_content_element\" >\n\t\t<div class=\"wpb_wrapper\">\n\t\t\t<div class=\"title-h1\" style=\"text-align: center;\"><span style=\"color: #ffffff;\">Vamos marcar uma sess\u00e3o?<\/span><\/div>\n\n\t\t<\/div>\n\t<\/div>\n<\/div><\/div><\/div><div class=\"wpb_column vc_column_container vc_col-sm-12 vc_col-lg-4 vc_col-md-3\"><div class=\"vc_column-inner\"><div class=\"wpb_wrapper\"><div class=\"clearboth\"><\/div><div class=\"gem-divider\" style=\"margin-top: 90px;\"><\/div>\n\t<div class=\"wpb_text_column wpb_content_element\" >\n\t\t<div class=\"wpb_wrapper\">\n\t\t\t<p style=\"text-align: center;\"><span style=\"color: #ffffff; font-size: 22px;\">Ser\u00e1 um prazer te receber em meu escrit\u00f3rio!<\/span><\/p>\n\n\t\t<\/div>\n\t<\/div>\n<\/div><\/div><\/div><div class=\"wpb_column vc_column_container vc_col-sm-12 vc_col-lg-4 vc_col-md-4\"><div class=\"vc_column-inner\"><div class=\"wpb_wrapper\"><div class=\"clearboth\"><\/div><div class=\"gem-divider\" style=\"margin-top: 60px;\"><\/div><div class=\"gem-button-container gem-button-position-center\"><a class=\"gem-button gem-button-size-medium gem-button-style-outline gem-button-text-weight-normal gem-button-border-3\" style=\"border-radius: 3px;border-color: #ffffff;color: #ffffff;\" onmouseleave=\"this.style.borderColor='#ffffff';this.style.backgroundColor='transparent';this.style.color='#ffffff';\" onmouseenter=\"this.style.backgroundColor='#ffffff';this.style.color='#2fc5b0';\" href=\"https:\/\/amandaromanog.typeform.com\/to\/lliXKx\" target=\"_self\">Tenho interesse!<\/a><\/div> <div class=\"clearboth\"><\/div><div class=\"gem-divider\" style=\"margin-top: 60px;\"><\/div><\/div><\/div><\/div><\/div><\/div><\/div><\/div><\/div><\/div><\/div><\/div>\n<\/div>","protected":false},"excerpt":{"rendered":"","protected":false},"author":1,"featured_media":0,"parent":0,"menu_order":0,"comment_status":"closed","ping_status":"closed","template":"","meta":{"footnotes":""},"class_list":["post-47","page","type-page","status-publish"],"aioseo_notices":[],"_links":{"self":[{"href":"https:\/\/amandagutierres.com\/pt\/wp-json\/wp\/v2\/pages\/47","targetHints":{"allow":["GET"]}}],"collection":[{"href":"https:\/\/amandagutierres.com\/pt\/wp-json\/wp\/v2\/pages"}],"about":[{"href":"https:\/\/amandagutierres.com\/pt\/wp-json\/wp\/v2\/types\/page"}],"author":[{"embeddable":true,"href":"https:\/\/amandagutierres.com\/pt\/wp-json\/wp\/v2\/users\/1"}],"replies":[{"embeddable":true,"href":"https:\/\/amandagutierres.com\/pt\/wp-json\/wp\/v2\/comments?post=47"}],"version-history":[{"count":5,"href":"https:\/\/amandagutierres.com\/pt\/wp-json\/wp\/v2\/pages\/47\/revisions"}],"predecessor-version":[{"id":220,"href":"https:\/\/amandagutierres.com\/pt\/wp-json\/wp\/v2\/pages\/47\/revisions\/220"}],"wp:attachment":[{"href":"https:\/\/amandagutierres.com\/pt\/wp-json\/wp\/v2\/media?parent=47"}],"curies":[{"name":"wp","href":"https:\/\/api.w.org\/{rel}","templated":true}]}}