{"id":45,"date":"2019-04-15T02:07:28","date_gmt":"2019-04-15T02:07:28","guid":{"rendered":"http:\/\/amandagutierres.com\/?page_id=45"},"modified":"2020-02-24T20:28:35","modified_gmt":"2020-02-24T20:28:35","slug":"services","status":"publish","type":"page","link":"https:\/\/amandagutierres.com\/pt\/services\/","title":{"rendered":"0.01 &#8211; MotherPage &#8211; Services"},"content":{"rendered":"<div class=\"wpb-content-wrapper\"><div class=\"vc_row-full-width-before\"><\/div><div id=\"vc_row-69e79a61e7b59\" data-vc-full-width=\"true\" data-vc-full-width-init=\"false\" class=\"vc_row wpb_row vc_row-fluid vc_custom_1539543198028 vc_row-has-fill vc_row-o-equal-height vc_row-o-content-middle vc_row-flex\"><script type=\"text\/javascript\">if (typeof(gem_fix_fullwidth_position) == \"function\") { gem_fix_fullwidth_position(document.getElementById(\"vc_row-69e79a61e7b59\")); }<\/script><div class=\"wpb_column vc_column_container vc_col-sm-3\"><div class=\"vc_column-inner\"><div class=\"wpb_wrapper\">\n\t<div class=\"wpb_text_column wpb_content_element vc_custom_1555297876861\" >\n\t\t<div class=\"wpb_wrapper\">\n\t\t\t<p><span style=\"color: #d78985;\"><b>Servi\u00e7os<\/b><\/span><\/p>\n<h3>\u00c1reas que Atendo<\/h3>\n\n\t\t<\/div>\n\t<\/div>\n<\/div><\/div><\/div><div class=\"wpb_column vc_column_container vc_col-sm-3 vc_col-has-fill\"><div class=\"vc_column-inner vc_custom_1539483517355\"><div class=\"wpb_wrapper\"><div class=\"gem-icon gem-icon-pack-fontawesome gem-icon-size-medium  gem-icon-shape-square gem-simple-icon\" style=\"margin-bottom: 30px;opacity: 1;\"><div class=\"gem-icon-inner\" style=\"\"><span class=\"gem-icon-half-1\" style=\"color: #d78985;\"><span class=\"back-angle\">&#xf091;<\/span><\/span><span class=\"gem-icon-half-2\" style=\"color: #d78985;\"><span class=\"back-angle\">&#xf091;<\/span><\/span><\/div><\/div>\n\t<div class=\"wpb_text_column wpb_content_element vc_custom_1557485516547\" >\n\t\t<div class=\"wpb_wrapper\">\n\t\t\t<p style=\"font-family: 'Yeseva One', sans-serif; color: #2c3d51; font-size: 21px; line-height: 25px; font-weight: 500px; letter-spacing: 0px;\">Motiva\u00e7\u00e3o &amp;<br \/>\nObjetivos de Vida<\/p>\n\n\t\t<\/div>\n\t<\/div>\n<div class=\"gem-icon gem-icon-pack-fontawesome gem-icon-size-small  gem-icon-shape-square gem-simple-icon\" style=\"margin-top: 10px;opacity: 1;\"><div class=\"gem-icon-inner\" style=\"\"><a href=\"\/amanda\/motivation-life-goals\/\" target=\"_self\"><span class=\"gem-icon-half-1\" style=\"color: #d78985;\"><span class=\"back-angle\">&#xf178;<\/span><\/span><span class=\"gem-icon-half-2\" style=\"color: #d78985;\"><span class=\"back-angle\">&#xf178;<\/span><\/span><\/a><\/div><\/div><\/div><\/div><\/div><div class=\"wpb_column vc_column_container vc_col-sm-3 vc_col-has-fill\"><div class=\"vc_column-inner vc_custom_1539540821876\"><div class=\"wpb_wrapper\"><div class=\"gem-icon gem-icon-pack-fontawesome gem-icon-size-medium  gem-icon-shape-square gem-simple-icon\" style=\"margin-bottom: 30px;opacity: 1;\"><div class=\"gem-icon-inner\" style=\"\"><span class=\"gem-icon-half-1\" style=\"color: #d78985;\"><span class=\"back-angle\">&#xf06e;<\/span><\/span><span class=\"gem-icon-half-2\" style=\"color: #d78985;\"><span class=\"back-angle\">&#xf06e;<\/span><\/span><\/div><\/div>\n\t<div class=\"wpb_text_column wpb_content_element\" >\n\t\t<div class=\"wpb_wrapper\">\n\t\t\t<p style=\"font-family: 'Yeseva One', sans-serif; color: #2c3d51; font-size: 21px; line-height: 25px; font-weight: 500px; letter-spacing: 0px;\">Ansiedade &amp; Tratamento de P\u00e2nico<\/p>\n\n\t\t<\/div>\n\t<\/div>\n<div class=\"gem-icon gem-icon-pack-fontawesome gem-icon-size-small  gem-icon-shape-square gem-simple-icon\" style=\"margin-top: 10px;opacity: 1;\"><div class=\"gem-icon-inner\" style=\"\"><a href=\"\/anxiety-panic-treatment\/\" target=\"_self\"><span class=\"gem-icon-half-1\" style=\"color: #d78985;\"><span class=\"back-angle\">&#xf178;<\/span><\/span><span class=\"gem-icon-half-2\" style=\"color: #d78985;\"><span class=\"back-angle\">&#xf178;<\/span><\/span><\/a><\/div><\/div><\/div><\/div><\/div><div class=\"wpb_column vc_column_container vc_col-sm-3 vc_col-has-fill\"><div class=\"vc_column-inner vc_custom_1539540844778\"><div class=\"wpb_wrapper\"><div class=\"gem-icon gem-icon-pack-fontawesome gem-icon-size-medium  gem-icon-shape-square gem-simple-icon\" style=\"margin-bottom: 30px;opacity: 1;\"><div class=\"gem-icon-inner\" style=\"\"><span class=\"gem-icon-half-1\" style=\"color: #d78985;\"><span class=\"back-angle\">&#xf183;<\/span><\/span><span class=\"gem-icon-half-2\" style=\"color: #d78985;\"><span class=\"back-angle\">&#xf183;<\/span><\/span><\/div><\/div>\n\t<div class=\"wpb_text_column wpb_content_element\" >\n\t\t<div class=\"wpb_wrapper\">\n\t\t\t<p style=\"font-family: 'Yeseva One', sans-serif; color: #2c3d51; font-size: 21px; line-height: 25px; font-weight: 500px; letter-spacing: 0px;\">Tratamento de Depress\u00e3o<\/p>\n\n\t\t<\/div>\n\t<\/div>\n<div class=\"gem-icon gem-icon-pack-fontawesome gem-icon-size-small  gem-icon-shape-square gem-simple-icon\" style=\"margin-top: 10px;opacity: 1;\"><div class=\"gem-icon-inner\" style=\"\"><a href=\"\/amanda\/depression-treatment\/\" target=\"_self\"><span class=\"gem-icon-half-1\" style=\"color: #d78985;\"><span class=\"back-angle\">&#xf178;<\/span><\/span><span class=\"gem-icon-half-2\" style=\"color: #d78985;\"><span class=\"back-angle\">&#xf178;<\/span><\/span><\/a><\/div><\/div><\/div><\/div><\/div><\/div><div class=\"vc_row-full-width vc_clearfix\"><\/div><div class=\"vc_row-full-width-before\"><\/div><div id=\"vc_row-69e79a61e8107\" data-vc-full-width=\"true\" data-vc-full-width-init=\"false\" class=\"vc_row wpb_row vc_row-fluid vc_custom_1539543210106 vc_row-has-fill vc_row-o-equal-height vc_row-o-content-middle vc_row-flex\"><script type=\"text\/javascript\">if (typeof(gem_fix_fullwidth_position) == \"function\") { gem_fix_fullwidth_position(document.getElementById(\"vc_row-69e79a61e8107\")); }<\/script><div class=\"wpb_column vc_column_container vc_col-sm-3\"><div class=\"vc_column-inner\"><div class=\"wpb_wrapper\"><\/div><\/div><\/div><div class=\"wpb_column vc_column_container vc_col-sm-3 vc_col-has-fill\"><div class=\"vc_column-inner vc_custom_1539483505709\"><div class=\"wpb_wrapper\"><div class=\"gem-icon gem-icon-pack-fontawesome gem-icon-size-medium  gem-icon-shape-square gem-simple-icon\" style=\"margin-bottom: 30px;opacity: 1;\"><div class=\"gem-icon-inner\" style=\"\"><span class=\"gem-icon-half-1\" style=\"color: #d78985;\"><span class=\"back-angle\">&#xf005;<\/span><\/span><span class=\"gem-icon-half-2\" style=\"color: #d78985;\"><span class=\"back-angle\">&#xf005;<\/span><\/span><\/div><\/div>\n\t<div class=\"wpb_text_column wpb_content_element\" >\n\t\t<div class=\"wpb_wrapper\">\n\t\t\t<p style=\"font-family: 'Yeseva One', sans-serif; color: #2c3d51; font-size: 21px; line-height: 25px; font-weight: 500px; letter-spacing: 0px;\">Work &amp; Life Balance<\/p>\n\n\t\t<\/div>\n\t<\/div>\n<div class=\"gem-icon gem-icon-pack-fontawesome gem-icon-size-small  gem-icon-shape-square gem-simple-icon\" style=\"margin-top: 10px;opacity: 1;\"><div class=\"gem-icon-inner\" style=\"\"><a href=\"\/amanda\/work-life-balance-councelling\/\" target=\"_self\"><span class=\"gem-icon-half-1\" style=\"color: #d78985;\"><span class=\"back-angle\">&#xf178;<\/span><\/span><span class=\"gem-icon-half-2\" style=\"color: #d78985;\"><span class=\"back-angle\">&#xf178;<\/span><\/span><\/a><\/div><\/div><\/div><\/div><\/div><div class=\"wpb_column vc_column_container vc_col-sm-3 vc_col-has-fill\"><div class=\"vc_column-inner vc_custom_1539540879673\"><div class=\"wpb_wrapper\"><div class=\"gem-icon gem-icon-pack-fontawesome gem-icon-size-medium  gem-icon-shape-square gem-simple-icon\" style=\"margin-bottom: 30px;opacity: 1;\"><div class=\"gem-icon-inner\" style=\"\"><span class=\"gem-icon-half-1\" style=\"color: #d78985;\"><span class=\"back-angle\">&#xf004;<\/span><\/span><span class=\"gem-icon-half-2\" style=\"color: #d78985;\"><span class=\"back-angle\">&#xf004;<\/span><\/span><\/div><\/div>\n\t<div class=\"wpb_text_column wpb_content_element\" >\n\t\t<div class=\"wpb_wrapper\">\n\t\t\t<p style=\"font-family: 'Yeseva One', sans-serif; color: #2c3d51; font-size: 21px; line-height: 25px; font-weight: 500px; letter-spacing: 0px;\">Tratamento de <\/br> Auto-Estima<\/p>\n\n\t\t<\/div>\n\t<\/div>\n<div class=\"gem-icon gem-icon-pack-fontawesome gem-icon-size-small  gem-icon-shape-square gem-simple-icon\" style=\"margin-top: 10px;opacity: 1;\"><div class=\"gem-icon-inner\" style=\"\"><a href=\"\/amanda\/self-esteem-treatment\/\" target=\"_self\"><span class=\"gem-icon-half-1\" style=\"color: #d78985;\"><span class=\"back-angle\">&#xf178;<\/span><\/span><span class=\"gem-icon-half-2\" style=\"color: #d78985;\"><span class=\"back-angle\">&#xf178;<\/span><\/span><\/a><\/div><\/div><\/div><\/div><\/div><div class=\"wpb_column vc_column_container vc_col-sm-3 vc_col-has-fill\"><div class=\"vc_column-inner vc_custom_1539540886604\"><div class=\"wpb_wrapper\"><div class=\"gem-icon gem-icon-pack-fontawesome gem-icon-size-medium  gem-icon-shape-square gem-simple-icon\" style=\"margin-bottom: 30px;opacity: 1;\"><div class=\"gem-icon-inner\" style=\"\"><span class=\"gem-icon-half-1\" style=\"color: #d78985;\"><span class=\"back-angle\">&#xf084;<\/span><\/span><span class=\"gem-icon-half-2\" style=\"color: #d78985;\"><span class=\"back-angle\">&#xf084;<\/span><\/span><\/div><\/div>\n\t<div class=\"wpb_text_column wpb_content_element\" >\n\t\t<div class=\"wpb_wrapper\">\n\t\t\t<p style=\"font-family: 'Yeseva One', sans-serif; color: #2c3d51; font-size: 21px; line-height: 25px; font-weight: 500px; letter-spacing: 0px;\">Conflitos de Fam\u00edlia &amp; Transi\u00e7\u00f5es<\/p>\n\n\t\t<\/div>\n\t<\/div>\n<div class=\"gem-icon gem-icon-pack-fontawesome gem-icon-size-small  gem-icon-shape-square gem-simple-icon\" style=\"margin-top: 10px;opacity: 1;\"><div class=\"gem-icon-inner\" style=\"\"><a href=\"\/amanda\/family-conflict-life-transitions\/\" target=\"_self\"><span class=\"gem-icon-half-1\" style=\"color: #d78985;\"><span class=\"back-angle\">&#xf178;<\/span><\/span><span class=\"gem-icon-half-2\" style=\"color: #d78985;\"><span class=\"back-angle\">&#xf178;<\/span><\/span><\/a><\/div><\/div><\/div><\/div><\/div><\/div><div class=\"vc_row-full-width vc_clearfix\"><\/div><div id=\"vc_row-69e79a61e8373\" class=\"vc_row wpb_row vc_row-fluid\"><div class=\"wpb_column vc_column_container vc_col-sm-12\"><div class=\"vc_column-inner\"><div class=\"wpb_wrapper\"><div id=\"fullwidth-block-69e79a61e8435\" class=\"fullwidth-block clearfix\"  style=\"background-color: #2fc5b0;\"><script type=\"text\/javascript\">if (typeof(gem_fix_fullwidth_position) == \"function\") { gem_fix_fullwidth_position(document.getElementById(\"fullwidth-block-69e79a61e8435\")); }<\/script><div class=\"fullwidth-block-inner\"><div class=\"container\"><div class=\"vc_row wpb_row vc_inner vc_row-fluid\"><div class=\"wpb_column vc_column_container vc_col-sm-12 vc_col-lg-4 vc_col-md-5\"><div class=\"vc_column-inner\"><div class=\"wpb_wrapper\"><div class=\"clearboth\"><\/div><div class=\"gem-divider\" style=\"margin-top: 80px;\"><\/div>\n\t<div class=\"wpb_text_column wpb_content_element\" >\n\t\t<div class=\"wpb_wrapper\">\n\t\t\t<div class=\"title-h1\" style=\"text-align: center;\"><span style=\"color: #ffffff;\">Vamos marcar uma sess\u00e3o?<\/span><\/div>\n\n\t\t<\/div>\n\t<\/div>\n<\/div><\/div><\/div><div class=\"wpb_column vc_column_container vc_col-sm-12 vc_col-lg-4 vc_col-md-3\"><div class=\"vc_column-inner\"><div class=\"wpb_wrapper\"><div class=\"clearboth\"><\/div><div class=\"gem-divider\" style=\"margin-top: 90px;\"><\/div>\n\t<div class=\"wpb_text_column wpb_content_element\" >\n\t\t<div class=\"wpb_wrapper\">\n\t\t\t<p style=\"text-align: center; font-size: 22px !important;\"><span style=\"color: #ffffff; font-size: 22px;\">Ser\u00e1 um prazer te receber em meu escrit\u00f3rio!<\/span><\/p>\n\n\t\t<\/div>\n\t<\/div>\n<\/div><\/div><\/div><div class=\"wpb_column vc_column_container vc_col-sm-12 vc_col-lg-4 vc_col-md-4\"><div class=\"vc_column-inner\"><div class=\"wpb_wrapper\"><div class=\"clearboth\"><\/div><div class=\"gem-divider\" style=\"margin-top: 60px;\"><\/div><div class=\"gem-button-container gem-button-position-center\"><a class=\"gem-button gem-button-size-medium gem-button-style-outline gem-button-text-weight-normal gem-button-border-3\" style=\"border-radius: 3px;border-color: #ffffff;color: #ffffff;\" onmouseleave=\"this.style.borderColor='#ffffff';this.style.backgroundColor='transparent';this.style.color='#ffffff';\" onmouseenter=\"this.style.backgroundColor='#ffffff';this.style.color='#2fc5b0';\" href=\"https:\/\/amandaromanog.typeform.com\/to\/lliXKx\" target=\"_self\">Tenho interesse!<\/a><\/div> <div class=\"clearboth\"><\/div><div class=\"gem-divider\" style=\"margin-top: 60px;\"><\/div><\/div><\/div><\/div><\/div><\/div><\/div><\/div><\/div><\/div><\/div><\/div>\n<\/div>","protected":false},"excerpt":{"rendered":"","protected":false},"author":1,"featured_media":0,"parent":0,"menu_order":0,"comment_status":"closed","ping_status":"closed","template":"","meta":{"footnotes":""},"class_list":["post-45","page","type-page","status-publish"],"aioseo_notices":[],"_links":{"self":[{"href":"https:\/\/amandagutierres.com\/pt\/wp-json\/wp\/v2\/pages\/45","targetHints":{"allow":["GET"]}}],"collection":[{"href":"https:\/\/amandagutierres.com\/pt\/wp-json\/wp\/v2\/pages"}],"about":[{"href":"https:\/\/amandagutierres.com\/pt\/wp-json\/wp\/v2\/types\/page"}],"author":[{"embeddable":true,"href":"https:\/\/amandagutierres.com\/pt\/wp-json\/wp\/v2\/users\/1"}],"replies":[{"embeddable":true,"href":"https:\/\/amandagutierres.com\/pt\/wp-json\/wp\/v2\/comments?post=45"}],"version-history":[{"count":9,"href":"https:\/\/amandagutierres.com\/pt\/wp-json\/wp\/v2\/pages\/45\/revisions"}],"predecessor-version":[{"id":217,"href":"https:\/\/amandagutierres.com\/pt\/wp-json\/wp\/v2\/pages\/45\/revisions\/217"}],"wp:attachment":[{"href":"https:\/\/amandagutierres.com\/pt\/wp-json\/wp\/v2\/media?parent=45"}],"curies":[{"name":"wp","href":"https:\/\/api.w.org\/{rel}","templated":true}]}}