{"id":42,"date":"2019-04-15T02:05:39","date_gmt":"2019-04-15T02:05:39","guid":{"rendered":"http:\/\/amandagutierres.com\/?page_id=42"},"modified":"2020-02-24T20:26:33","modified_gmt":"2020-02-24T20:26:33","slug":"about","status":"publish","type":"page","link":"https:\/\/amandagutierres.com\/pt\/about\/","title":{"rendered":"0.01 &#8211; About"},"content":{"rendered":"<div class=\"wpb-content-wrapper\"><div class=\"vc_row-full-width-before\"><\/div><div id=\"vc_row-69e78304ec51f\" data-vc-full-width=\"true\" data-vc-full-width-init=\"false\" data-vc-stretch-content=\"true\" class=\"vc_row wpb_row vc_row-fluid custom-bg vc_custom_1554781584757 vc_row-o-full-height vc_row-o-columns-bottom vc_row-o-equal-height vc_row-o-content-top vc_row-flex\"><script type=\"text\/javascript\">if (typeof(gem_fix_fullwidth_position) == \"function\") { gem_fix_fullwidth_position(document.getElementById(\"vc_row-69e78304ec51f\")); }<\/script><div class=\"wpb_column vc_column_container vc_col-sm-6 vc_hidden-md vc_hidden-sm vc_hidden-xs vc_col-has-fill\" id=\"fundo\"><div class=\"vc_column-inner vc_custom_1582550259055\"><div class=\"wpb_wrapper\">\n\t<div id=\"imagem-geral\" class=\"wpb_single_image wpb_content_element vc_align_center wpb_content_element\">\n\t\t\n\t\t<figure class=\"wpb_wrapper vc_figure\">\n\t\t\t<div class=\"vc_single_image-wrapper   vc_box_border_grey\"><img loading=\"lazy\" decoding=\"async\" width=\"960\" height=\"1208\" src=\"https:\/\/amandagutierres.com\/wp-content\/uploads\/2019\/04\/foto_amanda2.jpg\" class=\"vc_single_image-img attachment-full\" alt=\"\" title=\"foto_amanda2\" srcset=\"https:\/\/amandagutierres.com\/wp-content\/uploads\/2019\/04\/foto_amanda2.jpg 960w, https:\/\/amandagutierres.com\/wp-content\/uploads\/2019\/04\/foto_amanda2-238x300.jpg 238w, https:\/\/amandagutierres.com\/wp-content\/uploads\/2019\/04\/foto_amanda2-768x966.jpg 768w, https:\/\/amandagutierres.com\/wp-content\/uploads\/2019\/04\/foto_amanda2-814x1024.jpg 814w\" sizes=\"auto, (max-width: 960px) 100vw, 960px\" \/><\/div>\n\t\t<\/figure>\n\t<\/div>\n<\/div><\/div><\/div><div class=\"wpb_column vc_column_container vc_col-sm-12 vc_col-lg-6\"><div class=\"vc_column-inner\"><div class=\"wpb_wrapper\"><div class=\"vc_row wpb_row vc_inner vc_row-fluid vc_custom_1471519996544\"><div class=\"wpb_column vc_column_container vc_col-sm-12 vc_col-lg-offset-1 vc_col-lg-7\"><div class=\"vc_column-inner vc_custom_1471520005762\"><div class=\"wpb_wrapper\">\n\t<div class=\"wpb_text_column wpb_content_element Custom-font\" id=\"subttitle\">\n\t\t<div class=\"wpb_wrapper\">\n\t\t\t<p><strong><span style=\"color: #d78985;\">\u2013 Psicoterapia, Coach &amp; Psicologia  \u2013<\/span><\/strong><\/p>\n\n\t\t<\/div>\n\t<\/div>\n<div class=\"clearboth\"><\/div><div class=\"gem-divider\" style=\"margin-bottom: -10pxpx;\"><\/div><\/div><\/div><\/div><\/div><div class=\"vc_row wpb_row vc_inner vc_row-fluid custom-bg-position vc_custom_1548630068812 vc_row-o-content-top vc_row-flex\"><div class=\"wpb_column vc_column_container vc_col-sm-12 vc_col-lg-offset-1\"><div class=\"vc_column-inner\"><div class=\"wpb_wrapper\">\n\t<div class=\"wpb_text_column wpb_content_element vc_custom_1582548608606 amanda\" >\n\t\t<div class=\"wpb_wrapper\">\n\t\t\t<div class=\"title-xlarge\"><span style=\"color: #2c3d51;\">Amanda<\/span><br \/>\n<span style=\"color: #2c3d51;\">Gutierres<\/span><\/div>\n\n\t\t<\/div>\n\t<\/div>\n<\/div><\/div><\/div><\/div><div id=\"info\" class=\"vc_row wpb_row vc_inner vc_row-fluid vc_custom_1582552481931\"><div class=\"wpb_column vc_column_container vc_col-sm-6 vc_col-lg-offset-1 vc_col-lg-5\"><div class=\"vc_column-inner\"><div class=\"wpb_wrapper\"><div class=\"clearboth\"><\/div><div class=\"gem-divider\" style=\"margin-bottom: -10pxpx;\"><\/div>\n\t<div class=\"wpb_text_column wpb_content_element\" >\n\t\t<div class=\"wpb_wrapper\">\n\t\t\t<p><span style=\"color: #2c3d51; font-size: 15px; line-height: 25px;\">Sou psic\u00f3loga clinica, psicoterapeuta e coach.<\/span><\/p>\n<p><span style=\"color: #2c3d51; font-size: 15px; line-height: 25px;\"> Meu foco de atendimento s\u00e3o clientes afetados por diferentes tipos de situa\u00e7\u00f5es voltada para a sa\u00fade mental, desde ansiedade at\u00e9 transtornos de personalidade<br \/>\n<\/span><\/p>\n\n\t\t<\/div>\n\t<\/div>\n<\/div><\/div><\/div><div class=\"wpb_column vc_column_container vc_col-sm-6 vc_col-lg-5\"><div class=\"vc_column-inner\"><div class=\"wpb_wrapper\"><div class=\"clearboth\"><\/div><div class=\"gem-divider\" style=\"margin-bottom: -10pxpx;\"><\/div>\n\t<div class=\"wpb_text_column wpb_content_element\" >\n\t\t<div class=\"wpb_wrapper\">\n\t\t\t<p><span style=\"color: #2c3d51; font-size: 15px; line-height: 25px;\">I have experience working with clients affected by different kinds of mental health issues, from anxiety to personality disorder.<\/span><\/p>\n\n\t\t<\/div>\n\t<\/div>\n<\/div><\/div><\/div><\/div><div class=\"vc_row wpb_row vc_inner vc_row-fluid vc_custom_1548631035404\"><div class=\"wpb_column vc_column_container vc_col-sm-12 vc_col-lg-offset-1\"><div class=\"vc_column-inner\"><div class=\"wpb_wrapper\"><div class=\"clearboth\"><\/div><div class=\"gem-divider\" style=\"margin-top: 13px;\"><\/div>\n\t<div class=\"wpb_text_column wpb_content_element Custom-font\" id=\"contact\">\n\t\t<div class=\"wpb_wrapper\">\n\t\t\t<p><strong><span style=\"color: #d78985;\">\u2013 Entre em Contato \u2013<\/span><\/strong><\/p>\n\n\t\t<\/div>\n\t<\/div>\n<div class=\"clearboth\"><\/div><div class=\"gem-divider\" style=\"margin-top: -25px;\"><\/div><div class=\"gem-icon-with-text gem-icon-with-text-icon-size-small\"><div style=\"margin-bottom:0px;margin-top:0px; \" class=\"gem-icon-with-text-icon\"><div class=\"gem-icon gem-icon-pack-elegant gem-icon-size-small  gem-icon-shape-square gem-simple-icon\" style=\"opacity: 1;\"><div class=\"gem-icon-inner\" style=\"\"><span class=\"gem-icon-half-1\" style=\"color: #7c7c7c;\"><span class=\"back-angle\">&#xe01d;<\/span><\/span><span class=\"gem-icon-half-2\" style=\"color: #7c7c7c;\"><span class=\"back-angle\">&#xe01d;<\/span><\/span><\/div><\/div><\/div><div class=\"gem-icon-with-text-content\" ><div class=\"gem-icon-with-text-text\">\n\t<div class=\"wpb_text_column wpb_content_element\" >\n\t\t<div class=\"wpb_wrapper\">\n\t\t\t<p style=\"font-weight: 400; color: #2c3d51;\"><strong>Cambridge Flourishing<\/strong><br \/>\n<em>Cambridge Centre for Health and Wellbeing<\/em><\/p>\n<p style=\"font-weight: 400; color: #2c3d51;\">8B Romsey Terrace (off Mill Road), Cambridge<br \/>\nAddress: 8B Romsey Terrace (blue door) Cambridge (off Mill Road) CB1 3NH<\/p>\n\n\t\t<\/div>\n\t<\/div>\n<\/div><\/div><div class=\"clearboth\"><\/div><\/div><div class=\"clearboth\"><\/div><div class=\"gem-divider\" style=\"margin-top: -12px;\"><\/div><div class=\"gem-icon-with-text gem-icon-with-text-icon-size-small\"><div style=\"margin-bottom:0px;margin-top:0px; \" class=\"gem-icon-with-text-icon\"><div class=\"gem-icon gem-icon-pack-elegant gem-icon-size-small  gem-icon-shape-square gem-simple-icon\" style=\"opacity: 1;\"><div class=\"gem-icon-inner\" style=\"\"><span class=\"gem-icon-half-1\" style=\"color: #7c7c7c;\"><span class=\"back-angle\">&#xe090;<\/span><\/span><span class=\"gem-icon-half-2\" style=\"color: #7c7c7c;\"><span class=\"back-angle\">&#xe090;<\/span><\/span><\/div><\/div><\/div><div class=\"gem-icon-with-text-content\" ><div class=\"gem-icon-with-text-text\">\n\t<div class=\"wpb_text_column wpb_content_element\" >\n\t\t<div class=\"wpb_wrapper\">\n\t\t\t<div class=\"gem-contacts-item gem-contacts-phone\"><span style=\"color: #2c3d51;\">UK: 0758 413 8659<\/span><\/div>\n<div class=\"gem-contacts-item gem-contacts-fax\"><span style=\"color: #2c3d51;\">Fora do Reino Unido: +44 7584138659<\/span><\/div>\n\n\t\t<\/div>\n\t<\/div>\n<\/div><\/div><div class=\"clearboth\"><\/div><\/div><div class=\"clearboth\"><\/div><div class=\"gem-divider\" style=\"margin-top: -12px;\"><\/div><div class=\"gem-icon-with-text gem-icon-with-text-icon-size-small\"><div style=\"margin-bottom:0px;margin-top:0px; \" class=\"gem-icon-with-text-icon\"><div class=\"gem-icon gem-icon-pack-elegant gem-icon-size-small  gem-icon-shape-square gem-simple-icon\" style=\"opacity: 1;\"><div class=\"gem-icon-inner\" style=\"\"><span class=\"gem-icon-half-1\" style=\"color: #7c7c7c;\"><span class=\"back-angle\">&#xe010;<\/span><\/span><span class=\"gem-icon-half-2\" style=\"color: #7c7c7c;\"><span class=\"back-angle\">&#xe010;<\/span><\/span><\/div><\/div><\/div><div class=\"gem-icon-with-text-content\" ><div class=\"gem-icon-with-text-text\">\n\t<div class=\"wpb_text_column wpb_content_element\" >\n\t\t<div class=\"wpb_wrapper\">\n\t\t\t<p><a href=\"mailto:contato@amandagutierres.com\">contato@amandagutierres.com<\/a><\/p>\n\n\t\t<\/div>\n\t<\/div>\n<\/div><\/div><div class=\"clearboth\"><\/div><\/div><div class=\"gem-button-container gem-button-position-left\"><a class=\"gem-button gem-button-size-medium gem-button-style-flat gem-button-text-weight-normal\" style=\"border-radius: 3px;color: #ffffff;\" onmouseleave=\"this.style.color='#ffffff';\" onmouseenter=\"this.style.backgroundColor='#d78985';\" href=\"https:\/\/amandaromanog.typeform.com\/to\/lliXKx\" target=\"_self\">Agende uma sess\u00e3o<\/a><\/div> <\/div><\/div><\/div><\/div><\/div><\/div><\/div><\/div><div class=\"vc_row-full-width vc_clearfix\"><\/div>\n<\/div>","protected":false},"excerpt":{"rendered":"","protected":false},"author":1,"featured_media":0,"parent":0,"menu_order":0,"comment_status":"closed","ping_status":"closed","template":"","meta":{"footnotes":""},"class_list":["post-42","page","type-page","status-publish"],"aioseo_notices":[],"_links":{"self":[{"href":"https:\/\/amandagutierres.com\/pt\/wp-json\/wp\/v2\/pages\/42","targetHints":{"allow":["GET"]}}],"collection":[{"href":"https:\/\/amandagutierres.com\/pt\/wp-json\/wp\/v2\/pages"}],"about":[{"href":"https:\/\/amandagutierres.com\/pt\/wp-json\/wp\/v2\/types\/page"}],"author":[{"embeddable":true,"href":"https:\/\/amandagutierres.com\/pt\/wp-json\/wp\/v2\/users\/1"}],"replies":[{"embeddable":true,"href":"https:\/\/amandagutierres.com\/pt\/wp-json\/wp\/v2\/comments?post=42"}],"version-history":[{"count":14,"href":"https:\/\/amandagutierres.com\/pt\/wp-json\/wp\/v2\/pages\/42\/revisions"}],"predecessor-version":[{"id":216,"href":"https:\/\/amandagutierres.com\/pt\/wp-json\/wp\/v2\/pages\/42\/revisions\/216"}],"wp:attachment":[{"href":"https:\/\/amandagutierres.com\/pt\/wp-json\/wp\/v2\/media?parent=42"}],"curies":[{"name":"wp","href":"https:\/\/api.w.org\/{rel}","templated":true}]}}